{"id":177,"date":"2021-07-12T21:26:06","date_gmt":"2021-07-12T19:26:06","guid":{"rendered":"https:\/\/journler.com\/?page_id=177"},"modified":"2024-03-10T09:10:51","modified_gmt":"2024-03-10T08:10:51","slug":"cruks","status":"publish","type":"page","link":"https:\/\/journler.com\/nl\/cruks\/","title":{"rendered":"Werkt CRUKS voor buitenlandse casino\u2019s?"},"content":{"rendered":"\n<h1 class=\"wp-block-heading\" id=\"0-werkt-cruks-voor-buitenlandse-casino%E2%80%99s\">Werkt CRUKS voor buitenlandse casino\u2019s?<\/h1>\n\n\n\n<ul>\n<li>Zoals je misschien wel weet, is CRUKS het online register voor probleemgokkers.<\/li>\n\n\n\n<li>Online gokspel aanbieders met een Nederlandse vergunning zijn verplicht om dit register te raadplegen om toegang te verschaffen tot online gokkers.<\/li>\n\n\n\n<li>Buitenlands vergunde casino\u2019s hebben deze verplichting niet omdat zij immers voldoen aan de regelgeving van een andere autoriteit, zoals bijvoorbeeld de Maltese, Engelse of autoriteit van Cura\u00e7ao.<\/li>\n\n\n\n<li><strong>Op deze website vind je alle antwoorden op vragen over casino\u2019s zonder CRUKS.<\/strong><\/li>\n<\/ul>\n\n\n\n<p>Leer alles over de voor- en nadelen van <a href=\"https:\/\/zondercruks.casino\/cruks-opzeggen.html\">CRUKS eerder opzeggen<\/a>.<\/p>\n\n\n\n<!--more-->\n\n\n<div class=\"ub_table-of-contents\" data-showtext=\"show\" data-hidetext=\"hide\" data-scrolltype=\"auto\" id=\"ub_table-of-contents-98bbadb5-5e4a-463c-87bf-b6e8263afd2d\" data-initiallyhideonmobile=\"false\"\n                    data-initiallyshow=\"true\"><div class=\"ub_table-of-contents-header-container\"><div class=\"ub_table-of-contents-header\">\n                    <div class=\"ub_table-of-contents-title\">Inhoudsopgave<\/div><\/div><\/div><div class=\"ub_table-of-contents-extra-container\"><div class=\"ub_table-of-contents-container ub_table-of-contents-1-column \"><ul><li><a href=https:\/\/journler.com\/nl\/cruks\/#0-werkt-cruks-voor-buitenlandse-casino%E2%80%99s>Werkt CRUKS voor buitenlandse casino\u2019s?<\/a><ul><li><a href=https:\/\/journler.com\/nl\/cruks\/#1-hoe-cruks-registratie-wordt-vastgesteld->Hoe CRUKS-registratie wordt vastgesteld<\/a><\/li><li><a href=https:\/\/journler.com\/nl\/cruks\/#2-voordelen-van-casino%E2%80%99s-zonder-cruks->Voordelen van casino\u2019s zonder CRUKS<\/a><\/li><li><a href=https:\/\/journler.com\/nl\/cruks\/#3-conclusie-werkt-cruks-voor-buitenlandse-casino%E2%80%99s->Conclusie: werkt CRUKS voor buitenlandse casino\u2019s?<\/a><\/li><li><a href=https:\/\/journler.com\/nl\/cruks\/#4-meest-gestelde-vragen-faq-over-casino%E2%80%99s-zonder-cruks->Meest gestelde vragen (FAQ) over casino\u2019s zonder CRUKS<\/a><\/li><\/ul><\/li><\/ul><\/div><\/div><\/div>\n\n\n<figure class=\"wp-block-image size-large\"><img decoding=\"async\" width=\"730\" height=\"486\" src=\"https:\/\/journler.com\/wp-content\/uploads\/2019\/10\/spelpaus.jpg\" alt=\"Hoe Werkt CRUKS\" class=\"wp-image-131\" srcset=\"https:\/\/journler.com\/wp-content\/uploads\/2019\/10\/spelpaus.jpg 730w, https:\/\/journler.com\/wp-content\/uploads\/2019\/10\/spelpaus-300x200.jpg 300w\" sizes=\"(max-width: 730px) 100vw, 730px\" \/><\/figure>\n\n\n\n<h2 class=\"wp-block-heading\" id=\"1-hoe-cruks-registratie-wordt-vastgesteld-\"><strong>Hoe CRUKS-registratie wordt vastgesteld<\/strong><\/h2>\n\n\n\n<p>Alle aanbieders van gokspellen, zowel land-based als online gokhuizen, dienen een softwareverbinding te hebben met het CRUKS-register. Dit kan op een aantal manieren tot stand gebracht worden. Er zijn drie fases waarin de CRUKS-registratie tot stand komt. Allereerst zal de probleemgokker onvrijwillig of vrijwillig geregistreerd worden in het CRUKS-register. <\/p>\n\n\n\n<p>Dat gebeurt dus op eigen initiatief of op initiatief van een betrokkene, bijvoorbeeld het casino of een familielid. Daarna zal het online casino door middel van de softwarekoppeling direct inzicht krijgen in de gokkers die deel uitmaken van het CRUKS-register. Als vervolgens de gokspeler als probleemgokker is aangemerkt, dan wordt hem of haar de toegang tot de gokspelsite geblokkeerd. <\/p>\n\n\n\n<p>Er zullen dit najaar additionele eisen bij komen voor CRUKS-casino\u2019s met Nederlandse licentie. Zo zal er ook een verificatie moeten komen en onder meer persoonsgegevens zoals Burgerservicenummer en bankgegevens moeten worden verzameld.<\/p>\n\n\n\n<h2 class=\"wp-block-heading\" id=\"2-voordelen-van-casino%E2%80%99s-zonder-cruks-\"><strong>Voordelen van casino\u2019s zonder CRUKS<\/strong><\/h2>\n\n\n\n<p><strong>Voordelen<\/strong><\/p>\n\n\n\n<ul>\n<li>Onbeperkt toegang voor iedereen<\/li>\n\n\n\n<li>Geen limiet op stortingen<\/li>\n\n\n\n<li>Ongelimiteerde bonussen<\/li>\n\n\n\n<li>Onbeperkt sportweddenschappen<\/li>\n<\/ul>\n\n\n\n<p><strong>Nadelen<\/strong><\/p>\n\n\n\n<ul>\n<li>Geen bescherming van probleemgokkers<\/li>\n\n\n\n<li>Nederlandse wet heeft geen toepassing<\/li>\n<\/ul>\n\n\n\n<h2 class=\"wp-block-heading\" id=\"3-conclusie-werkt-cruks-voor-buitenlandse-casino%E2%80%99s-\"><strong>Conclusie: werkt CRUKS voor buitenlandse casino\u2019s?<\/strong><\/h2>\n\n\n\n<p>Het antwoord hierop is nee. Mocht je als probleemgokker zijn aangemerkt en je bent onverhoopt in het CRUKS-register terechtgekomen, dan is het nog steeds mogelijk om te gokken. Er zijn namelijk <a href=\"https:\/\/journler.com\/nl\/\">casino\u2019s zonder Nederlandse licentie<\/a> die geen plicht hebben om het CRUKS-register te raadplegen. <\/p>\n\n\n\n<p>Sommige gokkers vinden dit een voordeel, al zal het niet perse goed zijn voor de mentale gezondheid van de online gokker, omdat hij of zij nog steeds vrolijk kan plaatsnemen achter de mooiste gok speelautomaten. Alleen deelname aan Nederlandse casino\u2019s is dus uitgesloten, maar voor gokhuizen die geregistreerd staan aan de Maltese of Engelse vergunningen is gokken nog gewoon mogelijk.<\/p>\n\n\n\n<h2 class=\"wp-block-heading\" id=\"4-meest-gestelde-vragen-faq-over-casino%E2%80%99s-zonder-cruks-\"><strong>Meest gestelde vragen (FAQ) over casino\u2019s zonder CRUKS<\/strong><\/h2>\n\n\n<div class=\"wp-block-ub-content-toggle\" id=\"ub-content-toggle-6acb1332-4daa-433f-a7be-6ea1bc2a4047\" data-mobilecollapse=\"false\" data-desktopcollapse=\"false\">\n<div class=\"wp-block-ub-content-toggle-accordion\">\n                <div class=\"wp-block-ub-content-toggle-accordion-title-wrap\" aria-expanded=\"true\" aria-controls=\"ub-content-toggle-panel-0-6acb1332-4daa-433f-a7be-6ea1bc2a4047\" tabindex=\"0\">\n                    <h3 class=\"wp-block-ub-content-toggle-accordion-title ub-content-toggle-title-6acb1332-4daa-433f-a7be-6ea1bc2a4047\">Zijn gokspel aanbieders zonder CRUKS betrouwbaar?<\/h3><div class=\"wp-block-ub-content-toggle-accordion-toggle-wrap right\"><span class=\"wp-block-ub-content-toggle-accordion-state-indicator wp-block-ub-chevron-down open\"><\/span>\n                    <\/div><\/div><div role=\"region\" class=\"wp-block-ub-content-toggle-accordion-content-wrap\" id=\"ub-content-toggle-panel-0-6acb1332-4daa-433f-a7be-6ea1bc2a4047\">\n\n<p>Zeker weten. Er wordt voldaan aan buitenlandse vergunningseisen. Deze doen qua veiligheid en betrouwbaarheid niet onder voor de eisen die de Nederlandse vergunning zou stellen. Zeker de Maltese autoriteiten staan goed bekend.<\/p>\n\n<\/div><\/div>\n\n<div class=\"wp-block-ub-content-toggle-accordion\">\n                <div class=\"wp-block-ub-content-toggle-accordion-title-wrap\" aria-expanded=\"true\" aria-controls=\"ub-content-toggle-panel-1-6acb1332-4daa-433f-a7be-6ea1bc2a4047\" tabindex=\"0\">\n                    <h3 class=\"wp-block-ub-content-toggle-accordion-title ub-content-toggle-title-6acb1332-4daa-433f-a7be-6ea1bc2a4047\">Hoe kan ik betalen bij casino\u2019s zonder CRUKS?<\/h3><div class=\"wp-block-ub-content-toggle-accordion-toggle-wrap right\"><span class=\"wp-block-ub-content-toggle-accordion-state-indicator wp-block-ub-chevron-down open\"><\/span>\n                    <\/div><\/div><div role=\"region\" class=\"wp-block-ub-content-toggle-accordion-content-wrap\" id=\"ub-content-toggle-panel-1-6acb1332-4daa-433f-a7be-6ea1bc2a4047\">\n\n<p>Soms kan het voorkomen dat iDeal niet staat aangesloten op de website van de gokspel aanbieder. Voor snelle betalingen doe je er beter aan om voor Trustly te kiezen. Anders zijn de conventionele betaalmethoden vaak gewoon mogelijk zoals Neteller, Skrill, creditcard, Mastercard, paysafecard en andere opties.<\/p>\n\n<\/div><\/div>\n\n<div class=\"wp-block-ub-content-toggle-accordion\">\n                <div class=\"wp-block-ub-content-toggle-accordion-title-wrap\" aria-expanded=\"true\" aria-controls=\"ub-content-toggle-panel-2-6acb1332-4daa-433f-a7be-6ea1bc2a4047\" tabindex=\"0\">\n                    <h3 class=\"wp-block-ub-content-toggle-accordion-title ub-content-toggle-title-6acb1332-4daa-433f-a7be-6ea1bc2a4047\">Wat is een casino zonder CRUKS?<\/h3><div class=\"wp-block-ub-content-toggle-accordion-toggle-wrap right\"><span class=\"wp-block-ub-content-toggle-accordion-state-indicator wp-block-ub-chevron-down open\"><\/span>\n                    <\/div><\/div><div role=\"region\" class=\"wp-block-ub-content-toggle-accordion-content-wrap\" id=\"ub-content-toggle-panel-2-6acb1332-4daa-433f-a7be-6ea1bc2a4047\">\n\n<p>Dat is een online gokspellen website dat een vergunning heeft van een buitenlandse autoriteit. Hierdoor hoeft het niet te voldoen aan de Nederlandse eisen op gebied van CRUKS.<\/p>\n\n<\/div><\/div>\n\n<div class=\"wp-block-ub-content-toggle-accordion\">\n                <div class=\"wp-block-ub-content-toggle-accordion-title-wrap\" aria-expanded=\"true\" aria-controls=\"ub-content-toggle-panel-3-6acb1332-4daa-433f-a7be-6ea1bc2a4047\" tabindex=\"0\">\n                    <h3 class=\"wp-block-ub-content-toggle-accordion-title ub-content-toggle-title-6acb1332-4daa-433f-a7be-6ea1bc2a4047\">Waarom spelen bij een casino zonder CRUKS?<\/h3><div class=\"wp-block-ub-content-toggle-accordion-toggle-wrap right\"><span class=\"wp-block-ub-content-toggle-accordion-state-indicator wp-block-ub-chevron-down open\"><\/span>\n                    <\/div><\/div><div role=\"region\" class=\"wp-block-ub-content-toggle-accordion-content-wrap\" id=\"ub-content-toggle-panel-3-6acb1332-4daa-433f-a7be-6ea1bc2a4047\">\n\n<p>Er zijn een aantal voordelen te behalen waaronder meer bonusaanbod, geen CRUKS-registratie vereisten en betrouwbaarheid.<\/p>\n\n<\/div><\/div>\n<\/div>","protected":false},"excerpt":{"rendered":"<p>Werkt CRUKS voor buitenlandse casino\u2019s? Leer alles over de voor- en nadelen van CRUKS eerder opzeggen.<\/p>\n","protected":false},"author":1,"featured_media":0,"parent":0,"menu_order":0,"comment_status":"closed","ping_status":"closed","template":"","meta":{"ub_ctt_via":"","footnotes":""},"featured_image_src":null,"yoast_head":"<!-- This site is optimized with the Yoast SEO plugin v18.2 - https:\/\/yoast.com\/wordpress\/plugins\/seo\/ -->\n<title>CRUKS \u2192 Werkt Voor Buitenlandse Casino&#039;s?<\/title>\n<meta name=\"description\" content=\"Voor betere bonussen, ongelimiteerd toegang \u2618\ufe0f en onbeperkte sportweddenschappen zijn casino\u2019s zonder CRUKS een fijne bijkomstigheid \u2713.\" \/>\n<meta name=\"robots\" content=\"index, follow, max-snippet:-1, max-image-preview:large, max-video-preview:-1\" \/>\n<link rel=\"canonical\" href=\"https:\/\/journler.com\/nl\/cruks\/\" \/>\n<meta property=\"og:locale\" content=\"nl_NL\" \/>\n<meta property=\"og:type\" content=\"article\" \/>\n<meta property=\"og:title\" content=\"CRUKS \u2192 Werkt Voor Buitenlandse Casino&#039;s?\" \/>\n<meta property=\"og:description\" content=\"Voor betere bonussen, ongelimiteerd toegang \u2618\ufe0f en onbeperkte sportweddenschappen zijn casino\u2019s zonder CRUKS een fijne bijkomstigheid \u2713.\" \/>\n<meta property=\"og:url\" content=\"https:\/\/journler.com\/nl\/cruks\/\" \/>\n<meta property=\"og:site_name\" content=\"Journler\u2019s online casino guide f\u00f6r svenska spelare: Topp n\u00e4tasinon\" \/>\n<meta property=\"article:modified_time\" content=\"2024-03-10T08:10:51+00:00\" \/>\n<meta property=\"og:image\" content=\"https:\/\/journler.com\/wp-content\/uploads\/2019\/10\/spelpaus.jpg\" \/>\n<meta name=\"twitter:card\" content=\"summary_large_image\" \/>\n<meta name=\"twitter:label1\" content=\"Geschatte leestijd\" \/>\n\t<meta name=\"twitter:data1\" content=\"3 minuten\" \/>\n<script type=\"application\/ld+json\" class=\"yoast-schema-graph\">{\"@context\":\"https:\/\/schema.org\",\"@graph\":[{\"@type\":\"WebSite\",\"@id\":\"https:\/\/journler.com\/nl\/#website\",\"url\":\"https:\/\/journler.com\/nl\/\",\"name\":\"Journler\u2019s online casino guide f\u00f6r svenska spelare: Topp n\u00e4tasinon\",\"description\":\"Svenska online casinon har v\u00e4rldens absolut b\u00e4sta kunderbjudanden. Det \u00e4r d\u00e4rf\u00f6r l\u00e4tt att tro att svenska casinon \u00e4r de allra mest gener\u00f6sa.\",\"potentialAction\":[{\"@type\":\"SearchAction\",\"target\":{\"@type\":\"EntryPoint\",\"urlTemplate\":\"https:\/\/journler.com\/nl\/?s={search_term_string}\"},\"query-input\":\"required name=search_term_string\"}],\"inLanguage\":\"nl-NL\"},{\"@type\":\"ImageObject\",\"@id\":\"https:\/\/journler.com\/nl\/cruks\/#primaryimage\",\"inLanguage\":\"nl-NL\",\"url\":\"https:\/\/journler.com\/wp-content\/uploads\/2019\/10\/spelpaus.jpg\",\"contentUrl\":\"https:\/\/journler.com\/wp-content\/uploads\/2019\/10\/spelpaus.jpg\",\"width\":730,\"height\":486},{\"@type\":\"WebPage\",\"@id\":\"https:\/\/journler.com\/nl\/cruks\/#webpage\",\"url\":\"https:\/\/journler.com\/nl\/cruks\/\",\"name\":\"CRUKS \u2192 Werkt Voor Buitenlandse Casino's?\",\"isPartOf\":{\"@id\":\"https:\/\/journler.com\/nl\/#website\"},\"primaryImageOfPage\":{\"@id\":\"https:\/\/journler.com\/nl\/cruks\/#primaryimage\"},\"datePublished\":\"2021-07-12T19:26:06+00:00\",\"dateModified\":\"2024-03-10T08:10:51+00:00\",\"description\":\"Voor betere bonussen, ongelimiteerd toegang \u2618\ufe0f en onbeperkte sportweddenschappen zijn casino\u2019s zonder CRUKS een fijne bijkomstigheid \u2713.\",\"breadcrumb\":{\"@id\":\"https:\/\/journler.com\/nl\/cruks\/#breadcrumb\"},\"inLanguage\":\"nl-NL\",\"potentialAction\":[{\"@type\":\"ReadAction\",\"target\":[\"https:\/\/journler.com\/nl\/cruks\/\"]}]},{\"@type\":\"BreadcrumbList\",\"@id\":\"https:\/\/journler.com\/nl\/cruks\/#breadcrumb\",\"itemListElement\":[{\"@type\":\"ListItem\",\"position\":1,\"name\":\"Home\",\"item\":\"https:\/\/journler.com\/nl\/\"},{\"@type\":\"ListItem\",\"position\":2,\"name\":\"Werkt CRUKS voor buitenlandse casino\u2019s?\"}]}]}<\/script>\n<!-- \/ Yoast SEO plugin. -->","yoast_head_json":{"title":"CRUKS \u2192 Werkt Voor Buitenlandse Casino's?","description":"Voor betere bonussen, ongelimiteerd toegang \u2618\ufe0f en onbeperkte sportweddenschappen zijn casino\u2019s zonder CRUKS een fijne bijkomstigheid \u2713.","robots":{"index":"index","follow":"follow","max-snippet":"max-snippet:-1","max-image-preview":"max-image-preview:large","max-video-preview":"max-video-preview:-1"},"canonical":"https:\/\/journler.com\/nl\/cruks\/","og_locale":"nl_NL","og_type":"article","og_title":"CRUKS \u2192 Werkt Voor Buitenlandse Casino's?","og_description":"Voor betere bonussen, ongelimiteerd toegang \u2618\ufe0f en onbeperkte sportweddenschappen zijn casino\u2019s zonder CRUKS een fijne bijkomstigheid \u2713.","og_url":"https:\/\/journler.com\/nl\/cruks\/","og_site_name":"Journler\u2019s online casino guide f\u00f6r svenska spelare: Topp n\u00e4tasinon","article_modified_time":"2024-03-10T08:10:51+00:00","og_image":[{"url":"https:\/\/journler.com\/wp-content\/uploads\/2019\/10\/spelpaus.jpg"}],"twitter_card":"summary_large_image","twitter_misc":{"Geschatte leestijd":"3 minuten"},"schema":{"@context":"https:\/\/schema.org","@graph":[{"@type":"WebSite","@id":"https:\/\/journler.com\/nl\/#website","url":"https:\/\/journler.com\/nl\/","name":"Journler\u2019s online casino guide f\u00f6r svenska spelare: Topp n\u00e4tasinon","description":"Svenska online casinon har v\u00e4rldens absolut b\u00e4sta kunderbjudanden. Det \u00e4r d\u00e4rf\u00f6r l\u00e4tt att tro att svenska casinon \u00e4r de allra mest gener\u00f6sa.","potentialAction":[{"@type":"SearchAction","target":{"@type":"EntryPoint","urlTemplate":"https:\/\/journler.com\/nl\/?s={search_term_string}"},"query-input":"required name=search_term_string"}],"inLanguage":"nl-NL"},{"@type":"ImageObject","@id":"https:\/\/journler.com\/nl\/cruks\/#primaryimage","inLanguage":"nl-NL","url":"https:\/\/journler.com\/wp-content\/uploads\/2019\/10\/spelpaus.jpg","contentUrl":"https:\/\/journler.com\/wp-content\/uploads\/2019\/10\/spelpaus.jpg","width":730,"height":486},{"@type":"WebPage","@id":"https:\/\/journler.com\/nl\/cruks\/#webpage","url":"https:\/\/journler.com\/nl\/cruks\/","name":"CRUKS \u2192 Werkt Voor Buitenlandse Casino's?","isPartOf":{"@id":"https:\/\/journler.com\/nl\/#website"},"primaryImageOfPage":{"@id":"https:\/\/journler.com\/nl\/cruks\/#primaryimage"},"datePublished":"2021-07-12T19:26:06+00:00","dateModified":"2024-03-10T08:10:51+00:00","description":"Voor betere bonussen, ongelimiteerd toegang \u2618\ufe0f en onbeperkte sportweddenschappen zijn casino\u2019s zonder CRUKS een fijne bijkomstigheid \u2713.","breadcrumb":{"@id":"https:\/\/journler.com\/nl\/cruks\/#breadcrumb"},"inLanguage":"nl-NL","potentialAction":[{"@type":"ReadAction","target":["https:\/\/journler.com\/nl\/cruks\/"]}]},{"@type":"BreadcrumbList","@id":"https:\/\/journler.com\/nl\/cruks\/#breadcrumb","itemListElement":[{"@type":"ListItem","position":1,"name":"Home","item":"https:\/\/journler.com\/nl\/"},{"@type":"ListItem","position":2,"name":"Werkt CRUKS voor buitenlandse casino\u2019s?"}]}]}},"_links":{"self":[{"href":"https:\/\/journler.com\/nl\/wp-json\/wp\/v2\/pages\/177"}],"collection":[{"href":"https:\/\/journler.com\/nl\/wp-json\/wp\/v2\/pages"}],"about":[{"href":"https:\/\/journler.com\/nl\/wp-json\/wp\/v2\/types\/page"}],"author":[{"embeddable":true,"href":"https:\/\/journler.com\/nl\/wp-json\/wp\/v2\/users\/1"}],"replies":[{"embeddable":true,"href":"https:\/\/journler.com\/nl\/wp-json\/wp\/v2\/comments?post=177"}],"version-history":[{"count":5,"href":"https:\/\/journler.com\/nl\/wp-json\/wp\/v2\/pages\/177\/revisions"}],"predecessor-version":[{"id":336,"href":"https:\/\/journler.com\/nl\/wp-json\/wp\/v2\/pages\/177\/revisions\/336"}],"wp:attachment":[{"href":"https:\/\/journler.com\/nl\/wp-json\/wp\/v2\/media?parent=177"}],"curies":[{"name":"wp","href":"https:\/\/api.w.org\/{rel}","templated":true}]}}