{"id":267,"date":"2021-09-29T10:56:14","date_gmt":"2021-09-29T08:56:14","guid":{"rendered":"https:\/\/journler.com\/?page_id=267"},"modified":"2022-02-22T10:49:40","modified_gmt":"2022-02-22T09:49:40","slug":"slot-machines","status":"publish","type":"page","link":"https:\/\/journler.com\/it\/slot-machines\/","title":{"rendered":"Quali sono le migliori slot machines da giocare per soldi veri?"},"content":{"rendered":"\n<h1 class=\"wp-block-heading\" id=\"0-quali-sono-le-migliori-slot-machines-da-giocare-per-soldi-veri\">Quali sono le migliori slot machines da giocare per soldi veri?<\/h1>\n\n\n\n<p>Le Slot machines sono senza ombra di dubbio l\u2019attivit\u00e0 pi\u00f9 amata dai giocatori d\u2019azzardo online. Gli sviluppatori di software lo sanno molto bene e ogni anno realizzano software innovativi, sia dal punto di vista grafico, che dal punto di vista dei jackpot.<\/p>\n\n\n\n<figure class=\"wp-block-image size-large is-resized\"><img decoding=\"async\" src=\"https:\/\/journler.com\/wp-content\/uploads\/2021\/09\/Age-of-The-Gods.jpg\" alt=\"Age of The Gods\" class=\"wp-image-275\" width=\"740\" height=\"418\" srcset=\"https:\/\/journler.com\/wp-content\/uploads\/2021\/09\/Age-of-The-Gods.jpg 740w, https:\/\/journler.com\/wp-content\/uploads\/2021\/09\/Age-of-The-Gods-300x169.jpg 300w\" sizes=\"(max-width: 740px) 100vw, 740px\" \/><\/figure>\n\n\n\n<!--more-->\n\n\n<div class=\"ub_table-of-contents\" data-showtext=\"show\" data-hidetext=\"hide\" data-scrolltype=\"auto\" id=\"ub_table-of-contents-fe28add6-0718-475e-ba4c-d98c78b99b55\" data-initiallyhideonmobile=\"false\"\n                    data-initiallyshow=\"true\"><div class=\"ub_table-of-contents-header-container\"><div class=\"ub_table-of-contents-header\">\n                    <div class=\"ub_table-of-contents-title\">Il contenuto dell\u2019articolo<\/div><\/div><\/div><div class=\"ub_table-of-contents-extra-container\"><div class=\"ub_table-of-contents-container ub_table-of-contents-1-column \"><ul><li><a href=https:\/\/journler.com\/it\/slot-machines\/#0-quali-sono-le-migliori-slot-machines-da-giocare-per-soldi-veri>Quali sono le migliori slot machines da giocare per soldi veri?<\/a><ul><li><a href=https:\/\/journler.com\/it\/slot-machines\/#1-cosa-%C3%A8-l%E2%80%99rtp-e-come-viene-calcolato->Cosa \u00e8 l\u2019RTP e come viene calcolato<\/a><\/li><li><a href=https:\/\/journler.com\/it\/slot-machines\/#2-l%E2%80%99rtp-applicato-ai-giochi-di-slot-machines->L\u2019RTP applicato ai giochi di slot machines<\/a><\/li><li><a href=https:\/\/journler.com\/it\/slot-machines\/#3-le-migliori-slot-machines-con-gli-rtp-pi%C3%B9-alti-da-giocare-per-denaro-reale->Le migliori slot machines con gli RTP pi\u00f9 alti da giocare per denaro reale<\/a><\/li><li><a href=https:\/\/journler.com\/it\/slot-machines\/#4-conclusioni->Conclusioni<\/a><\/li><\/ul><\/li><\/ul><\/div><\/div><\/div>\n\n\n<p><br>Ma il fattore che pi\u00f9 interessa i giocatori quando si sceglie una slot online, \u00e8 l\u2019RTP. In questo articolo andremo a vedere <a href=\"https:\/\/casinononaams.net\/slot-soldi-veri\/\">quali sono le migliori slot online soldi veri<\/a>, e quali posseggono l\u2019RTP pi\u00f9 alto.<\/p>\n\n\n\n<h2 class=\"wp-block-heading\" id=\"1-cosa-%C3%A8-l%E2%80%99rtp-e-come-viene-calcolato-\"><strong>Cosa \u00e8 l\u2019RTP e come viene calcolato<\/strong><\/h2>\n\n\n\n<p>RTP \u00e8 l&#8217;abbreviazione di Return To Player. Dal momento che scommetti in un gioco di slot, l&#8217;RTP determina quanto di quei soldi potresti recuperare. Ad esempio, supponiamo che una slot abbia un tasso RTP del 96%. Ci\u00f2 significa che per ogni 100\u20ac spesi ne ricevi 96\u20ac dalle vincite (secondo la teoria).<br><br>Ci\u00f2 che \u00e8 importante ricordare sull&#8217;RTP \u00e8 che si tratta di una stima media della vincita teorica del gioco di slot. Questa percentuale \u00e8 solo teorica. Ci sono due fattori principali da considerare quando si calcola l&#8217;RTP di un gioco. Il primo \u00e8 l&#8217;importo totale delle scommesse dei giocatori. Questa \u00e8 la somma di ogni puntata per round che ogni giocatore fa in un periodo. <\/p>\n\n\n\n<p>Il secondo \u00e8 l&#8217;importo che viene restituito al giocatore. In altre parole, sono le vincite del giocatore. Il secondo e il primo sono divisi. Naturalmente, i giocatori possono calcolare da soli l&#8217;RTP grazie agli innumerevoli calcolatori RTP online.<\/p>\n\n\n\n<h2 class=\"wp-block-heading\" id=\"2-l%E2%80%99rtp-applicato-ai-giochi-di-slot-machines-\"><strong>L\u2019RTP applicato ai giochi di slot machines<\/strong><\/h2>\n\n\n\n<p>Al giorno d&#8217;oggi, vedrai che imparerai facilmente quanto \u00e8 alto o basso l&#8217;RTP di uno slot. Per dirla semplicemente, l&#8217;RTP rappresenta la percentuale teorica dei soldi che ricevi da una scommessa.<br><br>La frequenza con cui riottieni quella percentuale \u00e8 un&#8217;altra cosa da considerare. In altre parole, giochi diversi restituiscono il tasso in periodi diversi. Alcuni restituiranno la percentuale dell&#8217;importo della scommessa prima, mentre altri lo faranno pi\u00f9 tardi. Ci\u00f2 \u00e8 dovuto alle diverse varianti che posseggono.<\/p>\n\n\n\n<figure class=\"wp-block-image size-large is-resized\"><img decoding=\"async\" src=\"https:\/\/journler.com\/wp-content\/uploads\/2021\/09\/Mega-Joker.jpg\" alt=\"Mega Joker\" class=\"wp-image-279\" width=\"740\" height=\"415\" srcset=\"https:\/\/journler.com\/wp-content\/uploads\/2021\/09\/Mega-Joker.jpg 740w, https:\/\/journler.com\/wp-content\/uploads\/2021\/09\/Mega-Joker-300x168.jpg 300w\" sizes=\"(max-width: 740px) 100vw, 740px\" \/><\/figure>\n\n\n\n<p><br>Simile alle diverse percentuali RTP, ci sono slot con diversi livelli di varianza. La varianza o volatilit\u00e0 \u00e8 il rischio di giocare ad uno specifico titolo di slot. Inoltre, ti dice in quanto tempo potrai aspettarti di vincere. A questo proposito, vedrai molti giochi di slot con RTP elevato e volatilit\u00e0 variabile.<\/p>\n\n\n\n<p>Gli slot RTP pi\u00f9 alti hanno un tasso che va abbastanza vicino al 100%, ma vedrai che hanno una volatilit\u00e0 diversa. Alcuni hanno una volatilit\u00e0 bassa mentre altri hanno una volatilit\u00e0 elevata. Poi ci sono quelli intermedi che avranno una volatilit\u00e0 media.<\/p>\n\n\n\n<p>Teoricamente, i risultati migliori si otterranno da sot con RTP il pi\u00f9 vicino possibile al 100% e volatilit\u00e0 molto bassa.<\/p>\n\n\n\n<h2 class=\"wp-block-heading\" id=\"3-le-migliori-slot-machines-con-gli-rtp-pi%C3%B9-alti-da-giocare-per-denaro-reale-\"><strong>Le migliori slot machines con gli RTP pi\u00f9 alti da giocare per denaro reale<\/strong><\/h2>\n\n\n\n<p>Andiamo quindi a vedere quali sono, attualmente, le slot machines che posseggono un RTP molto alto, che consentiranno ai giocatori che scommettono con denaro reale, di ottenere in breve tempo delle vincite.<\/p>\n\n\n\n<p><strong>Age of The Gods: <\/strong>Slot sviluppata dalla societ\u00e0 PlayTech, presenta un jackpot progressivo su ben 25 linee di gioco, con un RTP di 95,02%.<br><strong>Sparks: <\/strong>Slot sviluppata dalla societ\u00e0 NetEnt, presenta un jackpot abbastanza elevato su 20 linee di gioco, con un RTP di 96,64%.<br><strong>Volcano Riches: <\/strong>Slot sviluppata da Quickspin, presenta ben 40 linee di gioco, una volatilit\u00e0 medio-bassa ed un RTP di 96,43%; solitamente questa slot viene utilizzata per soddisfare i requisiti di scommessa dei Casin\u00f2, e da quanto abbiamo potuto constatare, \u00e8 molto buona.<\/p>\n\n\n\n<figure class=\"wp-block-image size-large is-resized\"><img decoding=\"async\" src=\"https:\/\/journler.com\/wp-content\/uploads\/2021\/09\/Volcano-Riches.jpg\" alt=\"Volcano Riches\" class=\"wp-image-271\" width=\"740\" height=\"419\" srcset=\"https:\/\/journler.com\/wp-content\/uploads\/2021\/09\/Volcano-Riches.jpg 740w, https:\/\/journler.com\/wp-content\/uploads\/2021\/09\/Volcano-Riches-300x170.jpg 300w\" sizes=\"(max-width: 740px) 100vw, 740px\" \/><\/figure>\n\n\n\n<p><strong>Mega Joker: <\/strong>Slot sviluppata da NetEnt, possiede un jackpot progressivo ed un RTP di ben 99,00%, una delle slot con RTP pi\u00f9 alto attualmente in circolazione.<br><strong>White Rabbit Megaways<\/strong>: Slot sviluppata da Big Time Gaming, ispirata al mondo di Alice nel Paese delle Meraviglie, offre un RTP di 97,77% ed alcune funzionalit\u00e0 speciali molto apprezzate dai giocatori.<\/p>\n\n\n\n<h2 class=\"wp-block-heading\" id=\"4-conclusioni-\"><strong>Conclusioni<\/strong><\/h2>\n\n\n\n<p>Abbiamo visto come l\u2019RTP pu\u00f2 incidere sulle vincite e sulle perdite nelle slot machines online e quanto conti anche il fattore della volatilit\u00e0. Le slot inserite in questo articolo sono quelle che, secondo noi, presentano gli RTP e la volatilit\u00e0 migliore per essere giocate con soldi veri. Non ci resta che augurarvi buon divertimento, buona fortuna e vi consigliamo, come al solito, di giocare responsabilmente.<\/p>\n","protected":false},"excerpt":{"rendered":"<p>Quali sono le migliori slot machines da giocare per soldi veri? Le Slot machines sono senza ombra di dubbio l\u2019attivit\u00e0 pi\u00f9 amata dai giocatori d\u2019azzardo online. Gli sviluppatori di software lo sanno molto bene e ogni anno realizzano software innovativi, sia dal punto di vista grafico, che dal punto di vista dei jackpot.<\/p>\n","protected":false},"author":1,"featured_media":0,"parent":0,"menu_order":0,"comment_status":"closed","ping_status":"closed","template":"","meta":{"ub_ctt_via":"","footnotes":""},"featured_image_src":null,"yoast_head":"<!-- This site is optimized with the Yoast SEO plugin v18.2 - https:\/\/yoast.com\/wordpress\/plugins\/seo\/ -->\n<title>Quali sono le migliori slot machines slot online soldi veri?<\/title>\n<meta name=\"description\" content=\"Le Slot machines sono senza ombra di dubbio l\u2019attivit\u00e0 pi\u00f9 amata dai giocatori d\u2019azzardo online. Gli sviluppatori di software lo sanno molto bene e ogni anno realizzano software innovativi, sia dal punto di vista grafico, che dal punto di vista dei jackpot.\" \/>\n<meta name=\"robots\" content=\"index, follow, max-snippet:-1, max-image-preview:large, max-video-preview:-1\" \/>\n<link rel=\"canonical\" href=\"https:\/\/journler.com\/it\/slot-machines\/\" \/>\n<meta property=\"og:locale\" content=\"it_IT\" \/>\n<meta property=\"og:type\" content=\"article\" \/>\n<meta property=\"og:title\" content=\"Quali sono le migliori slot machines slot online soldi veri?\" \/>\n<meta property=\"og:description\" content=\"Le Slot machines sono senza ombra di dubbio l\u2019attivit\u00e0 pi\u00f9 amata dai giocatori d\u2019azzardo online. Gli sviluppatori di software lo sanno molto bene e ogni anno realizzano software innovativi, sia dal punto di vista grafico, che dal punto di vista dei jackpot.\" \/>\n<meta property=\"og:url\" content=\"https:\/\/journler.com\/it\/slot-machines\/\" \/>\n<meta property=\"og:site_name\" content=\"Journler\u2019s online casino guide f\u00f6r svenska spelare: Topp n\u00e4tasinon\" \/>\n<meta property=\"article:modified_time\" content=\"2022-02-22T09:49:40+00:00\" \/>\n<meta property=\"og:image\" content=\"https:\/\/journler.com\/wp-content\/uploads\/2021\/09\/Age-of-The-Gods.jpg\" \/>\n<meta name=\"twitter:card\" content=\"summary_large_image\" \/>\n<meta name=\"twitter:label1\" content=\"Tempo di lettura stimato\" \/>\n\t<meta name=\"twitter:data1\" content=\"4 minuti\" \/>\n<script type=\"application\/ld+json\" class=\"yoast-schema-graph\">{\"@context\":\"https:\/\/schema.org\",\"@graph\":[{\"@type\":\"WebSite\",\"@id\":\"https:\/\/journler.com\/it\/#website\",\"url\":\"https:\/\/journler.com\/it\/\",\"name\":\"Journler\u2019s online casino guide f\u00f6r svenska spelare: Topp n\u00e4tasinon\",\"description\":\"Svenska online casinon har v\u00e4rldens absolut b\u00e4sta kunderbjudanden. Det \u00e4r d\u00e4rf\u00f6r l\u00e4tt att tro att svenska casinon \u00e4r de allra mest gener\u00f6sa.\",\"potentialAction\":[{\"@type\":\"SearchAction\",\"target\":{\"@type\":\"EntryPoint\",\"urlTemplate\":\"https:\/\/journler.com\/it\/?s={search_term_string}\"},\"query-input\":\"required name=search_term_string\"}],\"inLanguage\":\"it-IT\"},{\"@type\":\"ImageObject\",\"@id\":\"https:\/\/journler.com\/it\/slot-machines\/#primaryimage\",\"inLanguage\":\"it-IT\",\"url\":\"https:\/\/journler.com\/wp-content\/uploads\/2021\/09\/Age-of-The-Gods.jpg\",\"contentUrl\":\"https:\/\/journler.com\/wp-content\/uploads\/2021\/09\/Age-of-The-Gods.jpg\",\"width\":740,\"height\":418},{\"@type\":\"WebPage\",\"@id\":\"https:\/\/journler.com\/it\/slot-machines\/#webpage\",\"url\":\"https:\/\/journler.com\/it\/slot-machines\/\",\"name\":\"Quali sono le migliori slot machines slot online soldi veri?\",\"isPartOf\":{\"@id\":\"https:\/\/journler.com\/it\/#website\"},\"primaryImageOfPage\":{\"@id\":\"https:\/\/journler.com\/it\/slot-machines\/#primaryimage\"},\"datePublished\":\"2021-09-29T08:56:14+00:00\",\"dateModified\":\"2022-02-22T09:49:40+00:00\",\"description\":\"Le Slot machines sono senza ombra di dubbio l\u2019attivit\u00e0 pi\u00f9 amata dai giocatori d\u2019azzardo online. Gli sviluppatori di software lo sanno molto bene e ogni anno realizzano software innovativi, sia dal punto di vista grafico, che dal punto di vista dei jackpot.\",\"breadcrumb\":{\"@id\":\"https:\/\/journler.com\/it\/slot-machines\/#breadcrumb\"},\"inLanguage\":\"it-IT\",\"potentialAction\":[{\"@type\":\"ReadAction\",\"target\":[\"https:\/\/journler.com\/it\/slot-machines\/\"]}]},{\"@type\":\"BreadcrumbList\",\"@id\":\"https:\/\/journler.com\/it\/slot-machines\/#breadcrumb\",\"itemListElement\":[{\"@type\":\"ListItem\",\"position\":1,\"name\":\"Home\",\"item\":\"https:\/\/journler.com\/it\/\"},{\"@type\":\"ListItem\",\"position\":2,\"name\":\"Quali sono le migliori slot machines da giocare per soldi veri?\"}]}]}<\/script>\n<!-- \/ Yoast SEO plugin. -->","yoast_head_json":{"title":"Quali sono le migliori slot machines slot online soldi veri?","description":"Le Slot machines sono senza ombra di dubbio l\u2019attivit\u00e0 pi\u00f9 amata dai giocatori d\u2019azzardo online. Gli sviluppatori di software lo sanno molto bene e ogni anno realizzano software innovativi, sia dal punto di vista grafico, che dal punto di vista dei jackpot.","robots":{"index":"index","follow":"follow","max-snippet":"max-snippet:-1","max-image-preview":"max-image-preview:large","max-video-preview":"max-video-preview:-1"},"canonical":"https:\/\/journler.com\/it\/slot-machines\/","og_locale":"it_IT","og_type":"article","og_title":"Quali sono le migliori slot machines slot online soldi veri?","og_description":"Le Slot machines sono senza ombra di dubbio l\u2019attivit\u00e0 pi\u00f9 amata dai giocatori d\u2019azzardo online. Gli sviluppatori di software lo sanno molto bene e ogni anno realizzano software innovativi, sia dal punto di vista grafico, che dal punto di vista dei jackpot.","og_url":"https:\/\/journler.com\/it\/slot-machines\/","og_site_name":"Journler\u2019s online casino guide f\u00f6r svenska spelare: Topp n\u00e4tasinon","article_modified_time":"2022-02-22T09:49:40+00:00","og_image":[{"url":"https:\/\/journler.com\/wp-content\/uploads\/2021\/09\/Age-of-The-Gods.jpg"}],"twitter_card":"summary_large_image","twitter_misc":{"Tempo di lettura stimato":"4 minuti"},"schema":{"@context":"https:\/\/schema.org","@graph":[{"@type":"WebSite","@id":"https:\/\/journler.com\/it\/#website","url":"https:\/\/journler.com\/it\/","name":"Journler\u2019s online casino guide f\u00f6r svenska spelare: Topp n\u00e4tasinon","description":"Svenska online casinon har v\u00e4rldens absolut b\u00e4sta kunderbjudanden. Det \u00e4r d\u00e4rf\u00f6r l\u00e4tt att tro att svenska casinon \u00e4r de allra mest gener\u00f6sa.","potentialAction":[{"@type":"SearchAction","target":{"@type":"EntryPoint","urlTemplate":"https:\/\/journler.com\/it\/?s={search_term_string}"},"query-input":"required name=search_term_string"}],"inLanguage":"it-IT"},{"@type":"ImageObject","@id":"https:\/\/journler.com\/it\/slot-machines\/#primaryimage","inLanguage":"it-IT","url":"https:\/\/journler.com\/wp-content\/uploads\/2021\/09\/Age-of-The-Gods.jpg","contentUrl":"https:\/\/journler.com\/wp-content\/uploads\/2021\/09\/Age-of-The-Gods.jpg","width":740,"height":418},{"@type":"WebPage","@id":"https:\/\/journler.com\/it\/slot-machines\/#webpage","url":"https:\/\/journler.com\/it\/slot-machines\/","name":"Quali sono le migliori slot machines slot online soldi veri?","isPartOf":{"@id":"https:\/\/journler.com\/it\/#website"},"primaryImageOfPage":{"@id":"https:\/\/journler.com\/it\/slot-machines\/#primaryimage"},"datePublished":"2021-09-29T08:56:14+00:00","dateModified":"2022-02-22T09:49:40+00:00","description":"Le Slot machines sono senza ombra di dubbio l\u2019attivit\u00e0 pi\u00f9 amata dai giocatori d\u2019azzardo online. Gli sviluppatori di software lo sanno molto bene e ogni anno realizzano software innovativi, sia dal punto di vista grafico, che dal punto di vista dei jackpot.","breadcrumb":{"@id":"https:\/\/journler.com\/it\/slot-machines\/#breadcrumb"},"inLanguage":"it-IT","potentialAction":[{"@type":"ReadAction","target":["https:\/\/journler.com\/it\/slot-machines\/"]}]},{"@type":"BreadcrumbList","@id":"https:\/\/journler.com\/it\/slot-machines\/#breadcrumb","itemListElement":[{"@type":"ListItem","position":1,"name":"Home","item":"https:\/\/journler.com\/it\/"},{"@type":"ListItem","position":2,"name":"Quali sono le migliori slot machines da giocare per soldi veri?"}]}]}},"_links":{"self":[{"href":"https:\/\/journler.com\/it\/wp-json\/wp\/v2\/pages\/267"}],"collection":[{"href":"https:\/\/journler.com\/it\/wp-json\/wp\/v2\/pages"}],"about":[{"href":"https:\/\/journler.com\/it\/wp-json\/wp\/v2\/types\/page"}],"author":[{"embeddable":true,"href":"https:\/\/journler.com\/it\/wp-json\/wp\/v2\/users\/1"}],"replies":[{"embeddable":true,"href":"https:\/\/journler.com\/it\/wp-json\/wp\/v2\/comments?post=267"}],"version-history":[{"count":6,"href":"https:\/\/journler.com\/it\/wp-json\/wp\/v2\/pages\/267\/revisions"}],"predecessor-version":[{"id":304,"href":"https:\/\/journler.com\/it\/wp-json\/wp\/v2\/pages\/267\/revisions\/304"}],"wp:attachment":[{"href":"https:\/\/journler.com\/it\/wp-json\/wp\/v2\/media?parent=267"}],"curies":[{"name":"wp","href":"https:\/\/api.w.org\/{rel}","templated":true}]}}