{"id":244,"date":"2021-09-29T10:22:17","date_gmt":"2021-09-29T08:22:17","guid":{"rendered":"https:\/\/journler.com\/?page_id=244"},"modified":"2022-02-22T10:56:32","modified_gmt":"2022-02-22T09:56:32","slug":"gioco-responsabile","status":"publish","type":"page","link":"https:\/\/journler.com\/it\/gioco-responsabile\/","title":{"rendered":"Guida al Gioco Responsabile per Giocatori Svizzeri"},"content":{"rendered":"\n<h1 class=\"wp-block-heading\" id=\"0-guida-al-gioco-responsabile-per-giocatori-svizzeri\">Guida al Gioco Responsabile per Giocatori Svizzeri<\/h1>\n\n\n\n<p>Come avrete spesso sentito dire, il gioco d\u2019azzardo pu\u00f2 causare dipendenza, e ci\u00f2 potrebbere arrecare notevoli danni a voi e a chi vi sta intorno. Per questo motivo abbiamo deciso di scrivere una guida al Gioco Responsabile per Giocatori Svizzeri, andando ad elencare quali sono i segnali che caratterizzano la dipendenza dal gioco, come evitarla, e quali strumenti i <a href=\"https:\/\/journler.com\/it\/\">Casin\u00f2 Svizzeri<\/a> mettono a disposizione dei giocatori per aiutarli.<\/p>\n\n\n\n<figure class=\"wp-block-image size-large is-resized\"><img decoding=\"async\" src=\"https:\/\/journler.com\/wp-content\/uploads\/2021\/09\/E\u0300-nostra-premura-qualificare-il-vostro-gioco.jpg\" alt=\"\u00c8 nostra premura qualificare il vostro gioco\" class=\"wp-image-262\" width=\"740\" height=\"432\" srcset=\"https:\/\/journler.com\/wp-content\/uploads\/2021\/09\/E\u0300-nostra-premura-qualificare-il-vostro-gioco.jpg 740w, https:\/\/journler.com\/wp-content\/uploads\/2021\/09\/E\u0300-nostra-premura-qualificare-il-vostro-gioco-300x175.jpg 300w\" sizes=\"(max-width: 740px) 100vw, 740px\" \/><\/figure>\n\n\n<div class=\"ub_table-of-contents\" data-showtext=\"show\" data-hidetext=\"hide\" data-scrolltype=\"auto\" id=\"ub_table-of-contents-be6c5ff8-bdfd-479a-9f09-45acf3b7431e\" data-initiallyhideonmobile=\"false\"\n                    data-initiallyshow=\"true\"><div class=\"ub_table-of-contents-header-container\"><div class=\"ub_table-of-contents-header\">\n                    <div class=\"ub_table-of-contents-title\">Il contenuto dell\u2019articolo<\/div><\/div><\/div><div class=\"ub_table-of-contents-extra-container\"><div class=\"ub_table-of-contents-container ub_table-of-contents-1-column \"><ul><li><a href=https:\/\/journler.com\/it\/gioco-responsabile\/#0-guida-al-gioco-responsabile-per-giocatori-svizzeri>Guida al Gioco Responsabile per Giocatori Svizzeri<\/a><ul><li><a href=https:\/\/journler.com\/it\/gioco-responsabile\/#1-dipendenza-dal-gioco-d%E2%80%99azzardo-cosa-%C3%A8-e-a-quali-sintomi-stare-attenti->Dipendenza dal gioco d\u2019azzardo: cosa \u00e8 e a quali sintomi stare attenti<\/a><\/li><li><a href=https:\/\/journler.com\/it\/gioco-responsabile\/#2-come-curare-la-dipendenza-dal-gioco-d%E2%80%99azzardo-giocando-responsabilmente->Come curare la dipendenza dal gioco d\u2019azzardo giocando responsabilmente<\/a><\/li><li><a href=https:\/\/journler.com\/it\/gioco-responsabile\/#3-autoesclusione-in-italia-un-buon-esempio-per-i-giocatori-svizzeri>Autoesclusione in Italia: Un buon esempio per i giocatori svizzeri<\/a><\/li><li><a href=https:\/\/journler.com\/it\/gioco-responsabile\/#4-come-i-casin%C3%B2-svizzeri-incentivano-il-gioco-responsabile->Come i Casin\u00f2 Svizzeri incentivano il Gioco Responsabile<\/a><\/li><li><a href=https:\/\/journler.com\/it\/gioco-responsabile\/#5-conclusioni->Conclusioni<\/a><\/li><\/ul><\/li><\/ul><\/div><\/div><\/div>\n\n\n<h2 class=\"wp-block-heading\" id=\"1-dipendenza-dal-gioco-d%E2%80%99azzardo-cosa-%C3%A8-e-a-quali-sintomi-stare-attenti-\"><strong>Dipendenza dal gioco d\u2019azzardo: cosa \u00e8 e a quali sintomi stare attenti<\/strong><\/h2>\n\n\n\n<p>La dipendenza dal gioco \u00e8 l&#8217;impulso non controllabile di proseguire con il gioco nonostante gli ingenti danni che causa sulla propria vita. Il gioco crea dipendenza perch\u00e9 stimola il sistema di ricompensa del cervello proprio come le droghe o l&#8217;alcol. In effetti, la dipendenza dal gioco rappresenta la patologia di disturbo del controllo degli impulsi pi\u00f9 comune in tutto il mondo.<\/p>\n\n\n\n<figure class=\"wp-block-image size-large is-resized\"><img decoding=\"async\" src=\"https:\/\/journler.com\/wp-content\/uploads\/2021\/09\/Prevenzione-contro-la-dipendenza-dal-gioco.jpg\" alt=\"Prevenzione contro la dipendenza dal gioco\" class=\"wp-image-248\" width=\"740\" height=\"367\" srcset=\"https:\/\/journler.com\/wp-content\/uploads\/2021\/09\/Prevenzione-contro-la-dipendenza-dal-gioco.jpg 740w, https:\/\/journler.com\/wp-content\/uploads\/2021\/09\/Prevenzione-contro-la-dipendenza-dal-gioco-300x149.jpg 300w\" sizes=\"(max-width: 740px) 100vw, 740px\" \/><\/figure>\n\n\n\n<p><br>Ci sono molti fattori che possono contribuire allo sviluppo di una dipendenza dal gioco, tra cui: la disperazione per il denaro, lo &#8220;sballo&#8221; che deriva dal brivido delle scommesse e l&#8217;atmosfera inebriante della scena del gioco d&#8217;azzardo.<\/p>\n\n\n\n<p>L&#8217;elemento che definisce una dipendenza dal gioco \u00e8 che le persone vengono completamente assorbite da specifiche attivit\u00e0 di gioco e poi le perseguono in modo compulsivo, nonostante le potenziali conseguenze negative. Coloro che soffrono di dipendenza dal gioco spesso descrivono un senso di perdita di controllo in cui credono di non essere in grado di evitare o smettere di giocare.<br>I segnali pi\u00f9 comuni della dipendenza dal gioco includono:<\/p>\n\n\n\n<ul><li>Avere una fissazione ossessiva per il gioco d&#8217;azzardo<\/li><li>Bisogno di scommettere con crescenti somme di soldi solo per provare la stessa adrenalina<\/li><li>Tentativo senza successo di tenere sotto controllo, diminuire o interrompere il gioco d&#8217;azzardo<\/li><li>Sentirsi irrequieti o irritabili quando non si \u00e8 in grado di giocare d&#8217;azzardo<\/li><li>Giocare d&#8217;azzardo come via di fuga ai problemi quotidiani o per alleviare diversi sentimenti come la depressione, l\u2019ansia e i sensi di colpa\/impotenza<\/li><li>Tentare di recuperare i soldi persi giocando di pi\u00f9<\/li><li>Mettere in pericolo o perdere relazioni importanti o opportunit\u00e0 scolastiche\/lavorative per via del gioco d&#8217;azzardo<\/li><li>Ricorrere a furti o frodi per ottenere denaro da gioco<\/li><\/ul>\n\n\n\n<h2 class=\"wp-block-heading\" id=\"2-come-curare-la-dipendenza-dal-gioco-d%E2%80%99azzardo-giocando-responsabilmente-\"><strong>Come curare la dipendenza dal gioco d\u2019azzardo giocando responsabilmente<\/strong><\/h2>\n\n\n\n<p>Il termine che sentiamo pi\u00f9 spesso dire associato alla dipendenza dal gioco \u00e8 \u201cGioco Responsabile\u201d.<br>Esso si riferisce alla pratica che tutti i giocatori dovrebbero assumere per evitare di cadere nella trappola della dipendenza dal gioco.<br>A proposito, essa si cura con personale specializzato, in quanto viene considerata a tutti gli effetti una malattia, e il giocatore dovr\u00e0 seguire un percorso di riabilitazione ben specifico, al termine del quale sar\u00e0 in grado di smettere di giocare per sempre oppure di giocare responsabilmente.<br>Ma cosa significa esattamente \u201cGiocare Responsabilmente\u201d?<\/p>\n\n\n\n<p>Giocare Responsabilmente significa dare il giusto peso al gioco d\u2019azzardo, ovvero prenderlo come una forma di svago e di divertimento, e non assolutamente come un metodo per fare soldi o fare la giocata della vita.<br>Ci\u00f2 include anche smettere immediatamente di giocare non appena si presenta uno o pi\u00f9 sintomi di quelli che abbiamo elencato nel paragrafo precedente, ed eventualmente utilizzare i servizi offerti dal Casin\u00f2 e dalle autorit\u00e0 competenti per limitare la propria attivit\u00e0 o per smettere definitivamente di giocare d\u2019azzardo.<\/p>\n\n\n\n<h2 class=\"wp-block-heading\" id=\"3-autoesclusione-in-italia-un-buon-esempio-per-i-giocatori-svizzeri\">Autoesclusione in Italia: Un buon esempio per i giocatori svizzeri<\/h2>\n\n\n\n<p>I giocatori di casin\u00f2 in Italia che vorrebbero smettere di giocare online possono autoescludersi con l&#8217;autoesclusione. <\/p>\n\n\n\n<p>Chi vorrebbe ricominciare a giocare d&#8217;azzardo, pu\u00f2 scegliere casin\u00f2 online stranieri non AAMS per <a href=\"https:\/\/sitinonaams.casino\/come-annullare-autoesclusione-aams\/\">togliere autoesclusione AAMS<\/a>.<\/p>\n\n\n\n<h2 class=\"wp-block-heading\" id=\"4-come-i-casin%C3%B2-svizzeri-incentivano-il-gioco-responsabile-\"><strong>Come i Casin\u00f2 Svizzeri incentivano il Gioco Responsabile<\/strong><\/h2>\n\n\n\n<p>I Casin\u00f2 Svizzeri offrono molteplici strumenti per incentivare il Gioco Responsabile, ma partiamo da quello pi\u00f9 importante: la limitazione del proprio account in termini di soldi.<br><br>Se pensi di aver bisogno di un po&#8217; di aiuto in pi\u00f9 per cercare di pianificare la spesa per il gioco d&#8217;azzardo, uno schema a cui puoi iscriverti \u00e8 il metodo del limite di deposito. Quando imposti un limite di deposito, permetti effettivamente all&#8217;operatore di gioco di impedirti di eseguire un&#8217;azione prestabilita entro un periodo di tempo specifico.<\/p>\n\n\n\n<figure class=\"wp-block-image size-large is-resized\"><img decoding=\"async\" src=\"https:\/\/journler.com\/wp-content\/uploads\/2021\/09\/Blocco-dellaccesso.jpg\" alt=\"Blocco dell\u2019accesso\" class=\"wp-image-253\" width=\"740\" height=\"350\" srcset=\"https:\/\/journler.com\/wp-content\/uploads\/2021\/09\/Blocco-dellaccesso.jpg 740w, https:\/\/journler.com\/wp-content\/uploads\/2021\/09\/Blocco-dellaccesso-300x142.jpg 300w\" sizes=\"(max-width: 740px) 100vw, 740px\" \/><\/figure>\n\n\n\n<p>Quindi, in un contesto monetario, puoi chiedere all&#8217;operatore (es. app o sito web) di consentirti di depositare solo un determinato importo (impostato da te) entro un determinato periodo di tempo.<br>Supponiamo che tu non voglia spendere pi\u00f9 di 100\u20ac a settimana giocando d&#8217;azzardo. Imposterai un limite di deposito per impedirti di depositare pi\u00f9 di 100\u20ac entro quel periodo di sette giorni.<br><br>Questo ti impedir\u00e0 di farlo fino allo scadere di quei sette giorni: sei libero di effettuare tutti i depositi che desideri entro questo periodo, a condizione che non superino i 100\u20ac in totale.<br>Questo tipo di limite \u00e8 ideale per i giocatori d&#8217;azzardo che vogliono porre una restrizione sul denaro speso nel gioco o anche sul tempo.<\/p>\n\n\n\n<p>Inoltre, la maggior parte dei Casin\u00f2 Svizzeri dispone di uno strumento di \u201cAutolimitazione\u201d del tempo: nel caso in cui un giocatore ammetta di star diventando dipendente dal gioco d\u2019azzardo, pu\u00f2 autoescludersi dalla piattaforma stessa per un periodo di tempo determinato, solitamente 6 o 12 mesi, oppure pu\u00f2 addirittura autoescludersi a tempo indeterminato, senza possibilit\u00e0 di tornare a giocare in quella specifica piattaforma. Questa pratica \u00e8 molto utile qualora i sintomi della dipendenza dal gioco siano forti e si voglia provare a smettere definitivamente di giocare.<\/p>\n\n\n\n<figure class=\"wp-block-image size-large is-resized\"><img decoding=\"async\" src=\"https:\/\/journler.com\/wp-content\/uploads\/2021\/09\/Gespa.jpg\" alt=\"Gespa\" class=\"wp-image-257\" width=\"740\" height=\"429\" srcset=\"https:\/\/journler.com\/wp-content\/uploads\/2021\/09\/Gespa.jpg 740w, https:\/\/journler.com\/wp-content\/uploads\/2021\/09\/Gespa-300x174.jpg 300w\" sizes=\"(max-width: 740px) 100vw, 740px\" \/><\/figure>\n\n\n\n<p>Infine, la Svizzera possiede un\u2019Ente specifico per questo tipo di problema, chiamata Gespa, che informa gli utenti sui pericoli della dipendenza da gioco d\u2019azzardo e propone soluzioni su come uscirne.<\/p>\n\n\n\n<h2 class=\"wp-block-heading\" id=\"5-conclusioni-\"><strong>Conclusioni<\/strong><\/h2>\n\n\n\n<p>Abbiamo visto come il Gioco Responsabile pu\u00f2 letteralmente salvare la vita e il portafoglio dei giocatori, e di quanto la dipendenza dal gioco d\u2019azzardo sia una patologia davvero brutta da affrontare. Vi consigliamo di leggere tutte le informazioni che potrete recuperare dal sito della Gespa e di giocare sempre responsabilmente, in qualsiasi contesto e piattaforma.<br>Se noti che stai iniziando a diventare dipendente dal gioco d\u2019azzardo, smetti subito e non avere paura di chiedere aiuto.<\/p>\n","protected":false},"excerpt":{"rendered":"<p>Guida al Gioco Responsabile per Giocatori Svizzeri Come avrete spesso sentito dire, il gioco d\u2019azzardo pu\u00f2 causare dipendenza, e ci\u00f2 potrebbere arrecare notevoli danni a voi e a chi vi sta intorno. Per questo motivo abbiamo deciso di scrivere una guida al Gioco Responsabile per Giocatori Svizzeri, andando ad elencare quali sono i segnali che caratterizzano la dipendenza dal gioco, come evitarla, e quali strumenti i Casin\u00f2 Svizzeri mettono a disposizione dei giocatori per aiutarli. Dipendenza dal gioco d\u2019azzardo: cosa \u00e8 e a quali sintomi stare attenti La dipendenza dal gioco \u00e8 l&#8217;impulso non controllabile di proseguire con il gioco nonostante gli ingenti danni che causa sulla propria vita. Il gioco crea dipendenza perch\u00e9 stimola il sistema di ricompensa del cervello proprio come le droghe o l&#8217;alcol. In effetti, la dipendenza dal gioco rappresenta la patologia di disturbo del controllo degli impulsi pi\u00f9 comune in tutto il mondo. Ci sono molti fattori che possono contribuire allo sviluppo di una dipendenza dal gioco, tra cui: la disperazione per il denaro, lo &#8220;sballo&#8221; che deriva dal brivido delle scommesse e l&#8217;atmosfera inebriante della scena del gioco d&#8217;azzardo. L&#8217;elemento che definisce una dipendenza dal gioco \u00e8 che le persone vengono completamente assorbite da <a href=\"https:\/\/journler.com\/it\/gioco-responsabile\/\">&#8230;.<\/a><\/p>\n","protected":false},"author":1,"featured_media":0,"parent":0,"menu_order":0,"comment_status":"closed","ping_status":"closed","template":"","meta":{"ub_ctt_via":"","footnotes":""},"featured_image_src":null,"yoast_head":"<!-- This site is optimized with the Yoast SEO plugin v18.2 - https:\/\/yoast.com\/wordpress\/plugins\/seo\/ -->\n<title>Gioco Responsabile in Svizzera | Guida \u30102026 \u3011<\/title>\n<meta name=\"description\" content=\"Come avrete spesso sentito dire, il gioco d\u2019azzardo pu\u00f2 causare dipendenza, e ci\u00f2 potrebbere arrecare notevoli danni a voi e a chi vi sta intorno. Per questo motivo abbiamo deciso di scrivere una guida al Gioco Responsabile per Giocatori Svizzeri, andando ad elencare quali sono i segnali che caratterizzano la dipendenza dal gioco, come evitarla, e quali strumenti i Casin\u00f2 Svizzeri mettono a disposizione dei giocatori per aiutarli.\" \/>\n<meta name=\"robots\" content=\"index, follow, max-snippet:-1, max-image-preview:large, max-video-preview:-1\" \/>\n<link rel=\"canonical\" href=\"https:\/\/journler.com\/it\/gioco-responsabile\/\" \/>\n<meta property=\"og:locale\" content=\"it_IT\" \/>\n<meta property=\"og:type\" content=\"article\" \/>\n<meta property=\"og:title\" content=\"Gioco Responsabile in Svizzera | Guida \u30102026 \u3011\" \/>\n<meta property=\"og:description\" content=\"Come avrete spesso sentito dire, il gioco d\u2019azzardo pu\u00f2 causare dipendenza, e ci\u00f2 potrebbere arrecare notevoli danni a voi e a chi vi sta intorno. Per questo motivo abbiamo deciso di scrivere una guida al Gioco Responsabile per Giocatori Svizzeri, andando ad elencare quali sono i segnali che caratterizzano la dipendenza dal gioco, come evitarla, e quali strumenti i Casin\u00f2 Svizzeri mettono a disposizione dei giocatori per aiutarli.\" \/>\n<meta property=\"og:url\" content=\"https:\/\/journler.com\/it\/gioco-responsabile\/\" \/>\n<meta property=\"og:site_name\" content=\"Journler\u2019s online casino guide f\u00f6r svenska spelare: Topp n\u00e4tasinon\" \/>\n<meta property=\"article:modified_time\" content=\"2022-02-22T09:56:32+00:00\" \/>\n<meta property=\"og:image\" content=\"https:\/\/journler.com\/wp-content\/uploads\/2021\/09\/E\u0300-nostra-premura-qualificare-il-vostro-gioco.jpg\" \/>\n<meta name=\"twitter:card\" content=\"summary_large_image\" \/>\n<meta name=\"twitter:label1\" content=\"Tempo di lettura stimato\" \/>\n\t<meta name=\"twitter:data1\" content=\"6 minuti\" \/>\n<script type=\"application\/ld+json\" class=\"yoast-schema-graph\">{\"@context\":\"https:\/\/schema.org\",\"@graph\":[{\"@type\":\"WebSite\",\"@id\":\"https:\/\/journler.com\/it\/#website\",\"url\":\"https:\/\/journler.com\/it\/\",\"name\":\"Journler\u2019s online casino guide f\u00f6r svenska spelare: Topp n\u00e4tasinon\",\"description\":\"Svenska online casinon har v\u00e4rldens absolut b\u00e4sta kunderbjudanden. Det \u00e4r d\u00e4rf\u00f6r l\u00e4tt att tro att svenska casinon \u00e4r de allra mest gener\u00f6sa.\",\"potentialAction\":[{\"@type\":\"SearchAction\",\"target\":{\"@type\":\"EntryPoint\",\"urlTemplate\":\"https:\/\/journler.com\/it\/?s={search_term_string}\"},\"query-input\":\"required name=search_term_string\"}],\"inLanguage\":\"it-IT\"},{\"@type\":\"ImageObject\",\"@id\":\"https:\/\/journler.com\/it\/gioco-responsabile\/#primaryimage\",\"inLanguage\":\"it-IT\",\"url\":\"https:\/\/journler.com\/wp-content\/uploads\/2021\/09\/E\u0300-nostra-premura-qualificare-il-vostro-gioco.jpg\",\"contentUrl\":\"https:\/\/journler.com\/wp-content\/uploads\/2021\/09\/E\u0300-nostra-premura-qualificare-il-vostro-gioco.jpg\",\"width\":740,\"height\":432},{\"@type\":\"WebPage\",\"@id\":\"https:\/\/journler.com\/it\/gioco-responsabile\/#webpage\",\"url\":\"https:\/\/journler.com\/it\/gioco-responsabile\/\",\"name\":\"Gioco Responsabile in Svizzera | Guida \u30102026 \u3011\",\"isPartOf\":{\"@id\":\"https:\/\/journler.com\/it\/#website\"},\"primaryImageOfPage\":{\"@id\":\"https:\/\/journler.com\/it\/gioco-responsabile\/#primaryimage\"},\"datePublished\":\"2021-09-29T08:22:17+00:00\",\"dateModified\":\"2022-02-22T09:56:32+00:00\",\"description\":\"Come avrete spesso sentito dire, il gioco d\u2019azzardo pu\u00f2 causare dipendenza, e ci\u00f2 potrebbere arrecare notevoli danni a voi e a chi vi sta intorno. Per questo motivo abbiamo deciso di scrivere una guida al Gioco Responsabile per Giocatori Svizzeri, andando ad elencare quali sono i segnali che caratterizzano la dipendenza dal gioco, come evitarla, e quali strumenti i Casin\u00f2 Svizzeri mettono a disposizione dei giocatori per aiutarli.\",\"breadcrumb\":{\"@id\":\"https:\/\/journler.com\/it\/gioco-responsabile\/#breadcrumb\"},\"inLanguage\":\"it-IT\",\"potentialAction\":[{\"@type\":\"ReadAction\",\"target\":[\"https:\/\/journler.com\/it\/gioco-responsabile\/\"]}]},{\"@type\":\"BreadcrumbList\",\"@id\":\"https:\/\/journler.com\/it\/gioco-responsabile\/#breadcrumb\",\"itemListElement\":[{\"@type\":\"ListItem\",\"position\":1,\"name\":\"Home\",\"item\":\"https:\/\/journler.com\/it\/\"},{\"@type\":\"ListItem\",\"position\":2,\"name\":\"Guida al Gioco Responsabile per Giocatori Svizzeri\"}]}]}<\/script>\n<!-- \/ Yoast SEO plugin. -->","yoast_head_json":{"title":"Gioco Responsabile in Svizzera | Guida \u30102026 \u3011","description":"Come avrete spesso sentito dire, il gioco d\u2019azzardo pu\u00f2 causare dipendenza, e ci\u00f2 potrebbere arrecare notevoli danni a voi e a chi vi sta intorno. Per questo motivo abbiamo deciso di scrivere una guida al Gioco Responsabile per Giocatori Svizzeri, andando ad elencare quali sono i segnali che caratterizzano la dipendenza dal gioco, come evitarla, e quali strumenti i Casin\u00f2 Svizzeri mettono a disposizione dei giocatori per aiutarli.","robots":{"index":"index","follow":"follow","max-snippet":"max-snippet:-1","max-image-preview":"max-image-preview:large","max-video-preview":"max-video-preview:-1"},"canonical":"https:\/\/journler.com\/it\/gioco-responsabile\/","og_locale":"it_IT","og_type":"article","og_title":"Gioco Responsabile in Svizzera | Guida \u30102026 \u3011","og_description":"Come avrete spesso sentito dire, il gioco d\u2019azzardo pu\u00f2 causare dipendenza, e ci\u00f2 potrebbere arrecare notevoli danni a voi e a chi vi sta intorno. Per questo motivo abbiamo deciso di scrivere una guida al Gioco Responsabile per Giocatori Svizzeri, andando ad elencare quali sono i segnali che caratterizzano la dipendenza dal gioco, come evitarla, e quali strumenti i Casin\u00f2 Svizzeri mettono a disposizione dei giocatori per aiutarli.","og_url":"https:\/\/journler.com\/it\/gioco-responsabile\/","og_site_name":"Journler\u2019s online casino guide f\u00f6r svenska spelare: Topp n\u00e4tasinon","article_modified_time":"2022-02-22T09:56:32+00:00","og_image":[{"url":"https:\/\/journler.com\/wp-content\/uploads\/2021\/09\/E\u0300-nostra-premura-qualificare-il-vostro-gioco.jpg"}],"twitter_card":"summary_large_image","twitter_misc":{"Tempo di lettura stimato":"6 minuti"},"schema":{"@context":"https:\/\/schema.org","@graph":[{"@type":"WebSite","@id":"https:\/\/journler.com\/it\/#website","url":"https:\/\/journler.com\/it\/","name":"Journler\u2019s online casino guide f\u00f6r svenska spelare: Topp n\u00e4tasinon","description":"Svenska online casinon har v\u00e4rldens absolut b\u00e4sta kunderbjudanden. Det \u00e4r d\u00e4rf\u00f6r l\u00e4tt att tro att svenska casinon \u00e4r de allra mest gener\u00f6sa.","potentialAction":[{"@type":"SearchAction","target":{"@type":"EntryPoint","urlTemplate":"https:\/\/journler.com\/it\/?s={search_term_string}"},"query-input":"required name=search_term_string"}],"inLanguage":"it-IT"},{"@type":"ImageObject","@id":"https:\/\/journler.com\/it\/gioco-responsabile\/#primaryimage","inLanguage":"it-IT","url":"https:\/\/journler.com\/wp-content\/uploads\/2021\/09\/E\u0300-nostra-premura-qualificare-il-vostro-gioco.jpg","contentUrl":"https:\/\/journler.com\/wp-content\/uploads\/2021\/09\/E\u0300-nostra-premura-qualificare-il-vostro-gioco.jpg","width":740,"height":432},{"@type":"WebPage","@id":"https:\/\/journler.com\/it\/gioco-responsabile\/#webpage","url":"https:\/\/journler.com\/it\/gioco-responsabile\/","name":"Gioco Responsabile in Svizzera | Guida \u30102026 \u3011","isPartOf":{"@id":"https:\/\/journler.com\/it\/#website"},"primaryImageOfPage":{"@id":"https:\/\/journler.com\/it\/gioco-responsabile\/#primaryimage"},"datePublished":"2021-09-29T08:22:17+00:00","dateModified":"2022-02-22T09:56:32+00:00","description":"Come avrete spesso sentito dire, il gioco d\u2019azzardo pu\u00f2 causare dipendenza, e ci\u00f2 potrebbere arrecare notevoli danni a voi e a chi vi sta intorno. Per questo motivo abbiamo deciso di scrivere una guida al Gioco Responsabile per Giocatori Svizzeri, andando ad elencare quali sono i segnali che caratterizzano la dipendenza dal gioco, come evitarla, e quali strumenti i Casin\u00f2 Svizzeri mettono a disposizione dei giocatori per aiutarli.","breadcrumb":{"@id":"https:\/\/journler.com\/it\/gioco-responsabile\/#breadcrumb"},"inLanguage":"it-IT","potentialAction":[{"@type":"ReadAction","target":["https:\/\/journler.com\/it\/gioco-responsabile\/"]}]},{"@type":"BreadcrumbList","@id":"https:\/\/journler.com\/it\/gioco-responsabile\/#breadcrumb","itemListElement":[{"@type":"ListItem","position":1,"name":"Home","item":"https:\/\/journler.com\/it\/"},{"@type":"ListItem","position":2,"name":"Guida al Gioco Responsabile per Giocatori Svizzeri"}]}]}},"_links":{"self":[{"href":"https:\/\/journler.com\/it\/wp-json\/wp\/v2\/pages\/244"}],"collection":[{"href":"https:\/\/journler.com\/it\/wp-json\/wp\/v2\/pages"}],"about":[{"href":"https:\/\/journler.com\/it\/wp-json\/wp\/v2\/types\/page"}],"author":[{"embeddable":true,"href":"https:\/\/journler.com\/it\/wp-json\/wp\/v2\/users\/1"}],"replies":[{"embeddable":true,"href":"https:\/\/journler.com\/it\/wp-json\/wp\/v2\/comments?post=244"}],"version-history":[{"count":8,"href":"https:\/\/journler.com\/it\/wp-json\/wp\/v2\/pages\/244\/revisions"}],"predecessor-version":[{"id":307,"href":"https:\/\/journler.com\/it\/wp-json\/wp\/v2\/pages\/244\/revisions\/307"}],"wp:attachment":[{"href":"https:\/\/journler.com\/it\/wp-json\/wp\/v2\/media?parent=244"}],"curies":[{"name":"wp","href":"https:\/\/api.w.org\/{rel}","templated":true}]}}