{"id":219,"date":"2021-09-29T08:30:16","date_gmt":"2021-09-29T06:30:16","guid":{"rendered":"https:\/\/journler.com\/?page_id=219"},"modified":"2023-02-23T19:55:58","modified_gmt":"2023-02-23T18:55:58","slug":"bitcoin-casino","status":"publish","type":"page","link":"https:\/\/journler.com\/it\/bitcoin-casino\/","title":{"rendered":"Guida ai Bitcoin Casin\u00f2 per i Giocatori dalla Svizzera"},"content":{"rendered":"\n<h1 class=\"wp-block-heading\" id=\"0-guida-ai-bitcoin-casin%C3%B2-per-i-giocatori-dalla-svizzera\">Guida ai Bitcoin Casin\u00f2 per i Giocatori dalla Svizzera<\/h1>\n\n\n\n<p>Le leggi svizzere sul gioco d&#8217;azzardo sono state riviste nel 2019, limitando il gioco d&#8217;azzardo online solo a una manciata di <a href=\"https:\/\/journler.com\/it\/\">casin\u00f2<\/a> autorizzati nel paese. Inutile dire che questo cambiamento quasi sismico ha indotto il panico nel settore, che ha visto cos\u00ec i giocatori svizzeri essere limitati ad iscriversi solo a poche piattaforme con base nel territorio elvetico.<\/p>\n\n\n\n<p>Stai cercando un buon casin\u00f2 di criptovalute? Trova il miglior <a href=\"https:\/\/bithound.io\/it\/bitcoin-casino\/\">casin\u00f2 Bitcoin<\/a>!<\/p>\n\n\n\n<figure class=\"wp-block-image size-large is-resized\"><img decoding=\"async\" src=\"https:\/\/journler.com\/wp-content\/uploads\/2021\/09\/DuckDice.jpg\" alt=\"DuckDice\" class=\"wp-image-226\" width=\"740\" height=\"475\" srcset=\"https:\/\/journler.com\/wp-content\/uploads\/2021\/09\/DuckDice.jpg 740w, https:\/\/journler.com\/wp-content\/uploads\/2021\/09\/DuckDice-300x193.jpg 300w\" sizes=\"(max-width: 740px) 100vw, 740px\" \/><\/figure>\n\n\n\n<!--more-->\n\n\n\n<p>Nonostante ci\u00f2, i siti presenti hanno fatto del loro meglio per proporre delle soluzioni innovative e al passo con i tempi, ed \u00e8 proprio per questo che abbiamo deciso di scrivere questa guida ai Bitcoin Casin\u00f2 per i giocatori in Svizzera.<\/p>\n\n\n<div class=\"ub_table-of-contents\" data-showtext=\"show\" data-hidetext=\"hide\" data-scrolltype=\"auto\" id=\"ub_table-of-contents-7c362ffb-3cfe-46e9-9d00-82a2ddb924b1\" data-initiallyhideonmobile=\"false\"\n                    data-initiallyshow=\"true\"><div class=\"ub_table-of-contents-header-container\"><div class=\"ub_table-of-contents-header\">\n                    <div class=\"ub_table-of-contents-title\">Il contenuto dell&#8217;articolo<\/div><\/div><\/div><div class=\"ub_table-of-contents-extra-container\"><div class=\"ub_table-of-contents-container ub_table-of-contents-1-column \"><ul><li><a href=https:\/\/journler.com\/it\/bitcoin-casino\/#0-guida-ai-bitcoin-casin%C3%B2-per-i-giocatori-dalla-svizzera>Guida ai Bitcoin Casin\u00f2 per i Giocatori dalla Svizzera<\/a><ul><li><a href=https:\/\/journler.com\/it\/bitcoin-casino\/#1-perch%C3%A9-scegliere-di-giocare-in-un-bitcoin-casin%C3%B2-in-svizzera->Perch\u00e9 scegliere di giocare in un Bitcoin Casin\u00f2 in Svizzera?<\/a><ul><li><a href=https:\/\/journler.com\/it\/bitcoin-casino\/#2-gioco-equo->Gioco Equo<\/a><\/li><li><a href=https:\/\/journler.com\/it\/bitcoin-casino\/#3-transazioni-rapide->Transazioni Rapide<\/a><\/li><li><a href=https:\/\/journler.com\/it\/bitcoin-casino\/#4-completa-anonimit%C3%A0->Completa Anonimit\u00e0<\/a><\/li><\/ul><\/li><li><a href=https:\/\/journler.com\/it\/bitcoin-casino\/#5-cosa-fare-una-volta-scelto-il-casin%C3%B2-bitcoin-in-svizzera->Cosa fare una volta scelto il Casin\u00f2 Bitcoin in Svizzera<\/a><\/li><li><a href=https:\/\/journler.com\/it\/bitcoin-casino\/#6-conclusioni->Conclusioni<\/a><\/li><\/ul><\/li><\/ul><\/div><\/div><\/div>\n\n\n<h2 class=\"wp-block-heading\" id=\"1-perch%C3%A9-scegliere-di-giocare-in-un-bitcoin-casin%C3%B2-in-svizzera-\"><strong>Perch\u00e9 scegliere di giocare in un Bitcoin Casin\u00f2 in Svizzera?<\/strong><\/h2>\n\n\n\n<p>Le persone amano il gioco d&#8217;azzardo Bitcoin a causa dei vantaggi offerti da questa criptovaluta. Bitcoin \u00e8 adatto per il gioco d&#8217;azzardo online per molte ragioni, andiamo a vedere quali. La <a href=\"https:\/\/scommessestranieri.com\/bitcoin-casino\/\">lista con buoni casino crypto con Bitcoin<\/a>.<\/p>\n\n\n\n<h3 class=\"wp-block-heading\" id=\"2-gioco-equo-\"><strong>Gioco Equo<\/strong><\/h3>\n\n\n\n<p>I moderni casin\u00f2 online BTC utilizzano sempre pi\u00f9 il metodo cosiddetto \u201cProvably Fair\u201d, o il principio dell&#8217;onest\u00e0 dimostrabile, nei giochi con risultati imprevedibili. Sui migliori siti di gioco d&#8217;azzardo Bitcoin, giochi come roulette, lotterie online e dadi dovrebbero essere giocati senza interferenze esterne. Il metodo Provably Fair \u00e8 in grado di fornire questo. <\/p>\n\n\n\n<figure class=\"wp-block-image size-large is-resized\"><img decoding=\"async\" src=\"https:\/\/journler.com\/wp-content\/uploads\/2021\/09\/Provably-Fair.jpg\" alt=\"Provably Fair\" class=\"wp-image-230\" width=\"740\" height=\"429\" srcset=\"https:\/\/journler.com\/wp-content\/uploads\/2021\/09\/Provably-Fair.jpg 740w, https:\/\/journler.com\/wp-content\/uploads\/2021\/09\/Provably-Fair-300x174.jpg 300w\" sizes=\"(max-width: 740px) 100vw, 740px\" \/><\/figure>\n\n\n\n<p>Consente inoltre ai giocatori di verificare quanto sia stato onesto il sorteggio. Sebbene il metodo stesso sia emerso relativamente di recente, si basa su principi di crittografia noti e comprovati da tempo. Allo stesso tempo, questo metodo per confermare la trasparenza dei giochi \u00e8 diventato possibile solo dopo l&#8217;avvento delle criptovalute e, di conseguenza, dei casin\u00f2 Bitcoin.<\/p>\n\n\n\n<h3 class=\"wp-block-heading\" id=\"3-transazioni-rapide-\"><strong>Transazioni Rapide<\/strong><\/h3>\n\n\n\n<p>Bitcoin e altre criptovalute sono valute molto apprezzate, in quanto le transazioni sono veloci e avvengono quasi istantaneamente. Quando i giocatori hanno a che fare con valute fiat come USD, EUR, di solito richiedono 2-3 giorni lavorativi per procedere con i prelievi. Ci sono controlli di sicurezza e conferma finale da una banca, che \u00e8 individuale per ogni posizione. Ma i giocatori che vogliono ritirare le loro vincite il prima possibile non amano aspettare.<\/p>\n\n\n\n<p>Con i casin\u00f2 Bitcoin, queste &#8220;restrizioni&#8221; vengono eliminate. Quasi ogni transazione non richiede pi\u00f9 tempo di un&#8217;ora. Secondo le statistiche, alcune transazioni sono state eseguite addirittura in pochi minuti. Questa \u00e8 una caratteristica unica della criptovalute in generale. Se l&#8217;importo che stai prelevando da un casin\u00f2 online BTC \u00e8 elevato, potrebbe essere comunque eseguito pi\u00f9 \u201clentamente\u201d, in quanto vengono comunque effettuati dei controlli sulla Blockchain prima di essere approvati. Lo stesso discorso vale per i depositi.<\/p>\n\n\n\n<figure class=\"wp-block-image size-large is-resized\"><img decoding=\"async\" src=\"https:\/\/journler.com\/wp-content\/uploads\/2021\/09\/Crypto-games.jpg\" alt=\"Crypto games\" class=\"wp-image-234\" width=\"740\" height=\"423\" srcset=\"https:\/\/journler.com\/wp-content\/uploads\/2021\/09\/Crypto-games.jpg 740w, https:\/\/journler.com\/wp-content\/uploads\/2021\/09\/Crypto-games-300x171.jpg 300w\" sizes=\"(max-width: 740px) 100vw, 740px\" \/><\/figure>\n\n\n\n<h3 class=\"wp-block-heading\" id=\"4-completa-anonimit%C3%A0-\"><strong>Completa Anonimit\u00e0<\/strong><\/h3>\n\n\n\n<p>Ma veniamo al motivo principale per cui i Casin\u00f2 Bitcoin sono cos\u00ec amanti dagli scommettitori. Essi garantiscono la sicurezza e la protezione dell&#8217;utente, nonch\u00e9 l&#8217;anonimato. Quando ti registri sui casin\u00f2 tradizionali, di solito richiedono informazioni sensibili, come et\u00e0, nome completo, data di nascita, documenti. \u00c8 necessario affinch\u00e9 questi casin\u00f2 possano avere informazioni su di te nel caso succeda qualcosa. <\/p>\n\n\n\n<p>A volte diventa irritante e fastidioso per i giocatori sapere che le loro informazioni vengono divulgate ad un casin\u00f2. Puoi rimanere anonimo utilizzando diversi servizi, ma \u00e8 sufficiente creare un account funzionante su un casin\u00f2 BTC per garantire che tutto sia al sicuro.<\/p>\n\n\n\n<p>Con Bitcoin tutto \u00e8 diverso. \u00c8 una valuta decentralizzata. Non c&#8217;\u00e8 autorit\u00e0, governo o banca centrale che possa avere un qualche controllo su di esso. I migliori siti di gioco d&#8217;azzardo in criptovalute operano su una blockchain decentralizzata in cui il valore si trasferisce da un nodo all&#8217;altro. Le transazioni con le criptovalute sono completamente anonime e sicure. <\/p>\n\n\n\n<p>Non devi preoccuparti delle tue informazioni personali. L&#8217;unica cosa di cui hai bisogno \u00e8 un indirizzo crittografico che non contenga dati sulla tua identit\u00e0. \u00c8 un mix di lettere e numeri, unico per ogni persona. Le transazioni avvengono tra il mittente e un casin\u00f2. I casin\u00f2 Bitcoin evitano tutti i problemi legati alla privacy e quindi non \u00e8 necessario indicare il tuo vero nome o indirizzo. I giocatori possono rimanere anonimi nei casin\u00f2 BTC, assicurandosi che nessuno venga a conoscenza della loro identit\u00e0.<\/p>\n\n\n\n<h2 class=\"wp-block-heading\" id=\"5-cosa-fare-una-volta-scelto-il-casin%C3%B2-bitcoin-in-svizzera-\"><strong>Cosa fare una volta scelto il Casin\u00f2 Bitcoin in Svizzera<\/strong><\/h2>\n\n\n\n<p>Mettiamo che ti sei convinto ad iscriverti in un Casin\u00f2 Bitcoin Svizzero, quali sono i passaggi da effettuare dopo?<br>Come prima cosa, avrai bisogno di un portafoglio Bitcoin, altrimenti sar\u00e0 impossibile stivare la valuta ed effettuare depositi e prelievi.<\/p>\n\n\n\n<p>Esistono due tipi di portafogli: online ed offline. Il wallet offline funziona in modo autonomo: \u00e8 tagliato fuori dalla rete, garantisce la sicurezza, non ha \u201cpaura\u201d degli attacchi degli hacker e pu\u00f2 essere adatto a grandi volumi.<br>Un wallet online \u00e8 invece connesso a Internet. Pu\u00f2 essere sul tuo PC, smartphone, browser e quindi essere disponibile con qualsiasi dispositivo. \u00c8 come un&#8217;app bancaria.<\/p>\n\n\n\n<figure class=\"wp-block-image size-large\"><img decoding=\"async\" width=\"740\" height=\"474\" src=\"https:\/\/journler.com\/wp-content\/uploads\/2021\/09\/DuckDice-Bonuses.jpg\" alt=\"DuckDice - Bonuses\" class=\"wp-image-238\" srcset=\"https:\/\/journler.com\/wp-content\/uploads\/2021\/09\/DuckDice-Bonuses.jpg 740w, https:\/\/journler.com\/wp-content\/uploads\/2021\/09\/DuckDice-Bonuses-300x192.jpg 300w\" sizes=\"(max-width: 740px) 100vw, 740px\" \/><\/figure>\n\n\n\n<p>Una volta selezionato il tipo di wallet da te preferito, ed una volta acquisati i BTC da un qualsiasi servizio di Exchange, dovrai recarti sul Casin\u00f2 Bitcoin da te scelto, registrarti, recarti nella sezione dei depositi e selezionare BTC come opzione di pagamento. Qui verr\u00e0 generata una chiave univoca che servir\u00e0 a collegare il tuo wallet ed il conto del Casin\u00f2 stesso. Quindi, ti baster\u00e0 indicare la quantit\u00e0 di BTC che vuoi depositare ed il gioco \u00e8 fatto.<br>Lo stesso discorso vale per i prelievi, e la maggior parte dei Casin\u00f2 Svizzeri possiede una tabella di conversione in tempo reale, in modo che i giocatori possano vedere quanto le loro vincite varrebbero se convertite in valuta fiat.<\/p>\n\n\n\n<p>Ora siete pronti per divertirvi nei Casin\u00f2 Bitcoin Svizzeri, sfruttando tutte le Promo presenti e spendendo i vostri BTC sui giochi da casin\u00f2 da voi prediletti.<\/p>\n\n\n\n<h2 class=\"wp-block-heading\" id=\"6-conclusioni-\"><strong>Conclusioni<\/strong><\/h2>\n\n\n\n<p>Abbiamo visto quindi quali sono le motivazioni principali che spingono i giocatori d\u2019azzardo a prediligere i Casin\u00f2 Bitcoin piuttosto che i Casin\u00f2 tradizionali e quali passaggi sono necessari per poter correttamente depositare e prelevare denaro da essi.<br><br>Vi consigliamo di consultare il nostro sito per trovare una lista aggiornata dei migliori Casin\u00f2 Bitcoin svizzeri, insieme a tantissimi articoli e guide riguardanti il gioco d\u2019azzardo online.<br>Non ci resta che augurarvi buona fortuna, e di giocare responsabilmente, in quanto il gioco d\u2019azzardo potrebbe causare dipendenza e arrecare gravi danni a voi e a chi vi sta intorno.<\/p>\n","protected":false},"excerpt":{"rendered":"<p>Guida ai Bitcoin Casin\u00f2 per i Giocatori dalla Svizzera Le leggi svizzere sul gioco d&#8217;azzardo sono state riviste nel 2019, limitando il gioco d&#8217;azzardo online solo a una manciata di casin\u00f2 autorizzati nel paese. Inutile dire che questo cambiamento quasi sismico ha indotto il panico nel settore, che ha visto cos\u00ec i giocatori svizzeri essere limitati ad iscriversi solo a poche piattaforme con base nel territorio elvetico. Stai cercando un buon casin\u00f2 di criptovalute? Trova il miglior casin\u00f2 Bitcoin!<\/p>\n","protected":false},"author":1,"featured_media":221,"parent":0,"menu_order":0,"comment_status":"closed","ping_status":"closed","template":"","meta":{"ub_ctt_via":"","footnotes":""},"featured_image_src":"https:\/\/journler.com\/wp-content\/uploads\/2020\/06\/bitcoin-gambling.jpg","yoast_head":"<!-- This site is optimized with the Yoast SEO plugin v18.2 - https:\/\/yoast.com\/wordpress\/plugins\/seo\/ -->\n<title>Bitcoin casin\u00f2: Guida ai Crypto Casino per i Giocatori dalla Svizzera<\/title>\n<meta name=\"description\" content=\"Le persone amano il gioco d&#039;azzardo Bitcoin a causa dei vantaggi offerti da questa criptovaluta. Bitcoin \u00e8 adatto per il gioco d&#039;azzardo online per molte ragioni, andiamo a vedere quali.\" \/>\n<meta name=\"robots\" content=\"index, follow, max-snippet:-1, max-image-preview:large, max-video-preview:-1\" \/>\n<link rel=\"canonical\" href=\"https:\/\/journler.com\/it\/bitcoin-casino\/\" \/>\n<meta property=\"og:locale\" content=\"it_IT\" \/>\n<meta property=\"og:type\" content=\"article\" \/>\n<meta property=\"og:title\" content=\"Bitcoin casin\u00f2: Guida ai Crypto Casino per i Giocatori dalla Svizzera\" \/>\n<meta property=\"og:description\" content=\"Le persone amano il gioco d&#039;azzardo Bitcoin a causa dei vantaggi offerti da questa criptovaluta. Bitcoin \u00e8 adatto per il gioco d&#039;azzardo online per molte ragioni, andiamo a vedere quali.\" \/>\n<meta property=\"og:url\" content=\"https:\/\/journler.com\/it\/bitcoin-casino\/\" \/>\n<meta property=\"og:site_name\" content=\"Journler\u2019s online casino guide f\u00f6r svenska spelare: Topp n\u00e4tasinon\" \/>\n<meta property=\"article:modified_time\" content=\"2023-02-23T18:55:58+00:00\" \/>\n<meta property=\"og:image\" content=\"https:\/\/journler.com\/wp-content\/uploads\/2020\/06\/bitcoin-gambling.jpg\" \/>\n\t<meta property=\"og:image:width\" content=\"999\" \/>\n\t<meta property=\"og:image:height\" content=\"523\" \/>\n\t<meta property=\"og:image:type\" content=\"image\/jpeg\" \/>\n<meta name=\"twitter:card\" content=\"summary_large_image\" \/>\n<meta name=\"twitter:label1\" content=\"Tempo di lettura stimato\" \/>\n\t<meta name=\"twitter:data1\" content=\"6 minuti\" \/>\n<script type=\"application\/ld+json\" class=\"yoast-schema-graph\">{\"@context\":\"https:\/\/schema.org\",\"@graph\":[{\"@type\":\"WebSite\",\"@id\":\"https:\/\/journler.com\/it\/#website\",\"url\":\"https:\/\/journler.com\/it\/\",\"name\":\"Journler\u2019s online casino guide f\u00f6r svenska spelare: Topp n\u00e4tasinon\",\"description\":\"Svenska online casinon har v\u00e4rldens absolut b\u00e4sta kunderbjudanden. Det \u00e4r d\u00e4rf\u00f6r l\u00e4tt att tro att svenska casinon \u00e4r de allra mest gener\u00f6sa.\",\"potentialAction\":[{\"@type\":\"SearchAction\",\"target\":{\"@type\":\"EntryPoint\",\"urlTemplate\":\"https:\/\/journler.com\/it\/?s={search_term_string}\"},\"query-input\":\"required name=search_term_string\"}],\"inLanguage\":\"it-IT\"},{\"@type\":\"ImageObject\",\"@id\":\"https:\/\/journler.com\/it\/bitcoin-casino\/#primaryimage\",\"inLanguage\":\"it-IT\",\"url\":\"https:\/\/journler.com\/wp-content\/uploads\/2020\/06\/bitcoin-gambling.jpg\",\"contentUrl\":\"https:\/\/journler.com\/wp-content\/uploads\/2020\/06\/bitcoin-gambling.jpg\",\"width\":999,\"height\":523},{\"@type\":\"WebPage\",\"@id\":\"https:\/\/journler.com\/it\/bitcoin-casino\/#webpage\",\"url\":\"https:\/\/journler.com\/it\/bitcoin-casino\/\",\"name\":\"Bitcoin casin\u00f2: Guida ai Crypto Casino per i Giocatori dalla Svizzera\",\"isPartOf\":{\"@id\":\"https:\/\/journler.com\/it\/#website\"},\"primaryImageOfPage\":{\"@id\":\"https:\/\/journler.com\/it\/bitcoin-casino\/#primaryimage\"},\"datePublished\":\"2021-09-29T06:30:16+00:00\",\"dateModified\":\"2023-02-23T18:55:58+00:00\",\"description\":\"Le persone amano il gioco d'azzardo Bitcoin a causa dei vantaggi offerti da questa criptovaluta. Bitcoin \u00e8 adatto per il gioco d'azzardo online per molte ragioni, andiamo a vedere quali.\",\"breadcrumb\":{\"@id\":\"https:\/\/journler.com\/it\/bitcoin-casino\/#breadcrumb\"},\"inLanguage\":\"it-IT\",\"potentialAction\":[{\"@type\":\"ReadAction\",\"target\":[\"https:\/\/journler.com\/it\/bitcoin-casino\/\"]}]},{\"@type\":\"BreadcrumbList\",\"@id\":\"https:\/\/journler.com\/it\/bitcoin-casino\/#breadcrumb\",\"itemListElement\":[{\"@type\":\"ListItem\",\"position\":1,\"name\":\"Home\",\"item\":\"https:\/\/journler.com\/it\/\"},{\"@type\":\"ListItem\",\"position\":2,\"name\":\"Guida ai Bitcoin Casin\u00f2 per i Giocatori dalla Svizzera\"}]}]}<\/script>\n<!-- \/ Yoast SEO plugin. -->","yoast_head_json":{"title":"Bitcoin casin\u00f2: Guida ai Crypto Casino per i Giocatori dalla Svizzera","description":"Le persone amano il gioco d'azzardo Bitcoin a causa dei vantaggi offerti da questa criptovaluta. Bitcoin \u00e8 adatto per il gioco d'azzardo online per molte ragioni, andiamo a vedere quali.","robots":{"index":"index","follow":"follow","max-snippet":"max-snippet:-1","max-image-preview":"max-image-preview:large","max-video-preview":"max-video-preview:-1"},"canonical":"https:\/\/journler.com\/it\/bitcoin-casino\/","og_locale":"it_IT","og_type":"article","og_title":"Bitcoin casin\u00f2: Guida ai Crypto Casino per i Giocatori dalla Svizzera","og_description":"Le persone amano il gioco d'azzardo Bitcoin a causa dei vantaggi offerti da questa criptovaluta. Bitcoin \u00e8 adatto per il gioco d'azzardo online per molte ragioni, andiamo a vedere quali.","og_url":"https:\/\/journler.com\/it\/bitcoin-casino\/","og_site_name":"Journler\u2019s online casino guide f\u00f6r svenska spelare: Topp n\u00e4tasinon","article_modified_time":"2023-02-23T18:55:58+00:00","og_image":[{"width":999,"height":523,"url":"https:\/\/journler.com\/wp-content\/uploads\/2020\/06\/bitcoin-gambling.jpg","type":"image\/jpeg"}],"twitter_card":"summary_large_image","twitter_misc":{"Tempo di lettura stimato":"6 minuti"},"schema":{"@context":"https:\/\/schema.org","@graph":[{"@type":"WebSite","@id":"https:\/\/journler.com\/it\/#website","url":"https:\/\/journler.com\/it\/","name":"Journler\u2019s online casino guide f\u00f6r svenska spelare: Topp n\u00e4tasinon","description":"Svenska online casinon har v\u00e4rldens absolut b\u00e4sta kunderbjudanden. Det \u00e4r d\u00e4rf\u00f6r l\u00e4tt att tro att svenska casinon \u00e4r de allra mest gener\u00f6sa.","potentialAction":[{"@type":"SearchAction","target":{"@type":"EntryPoint","urlTemplate":"https:\/\/journler.com\/it\/?s={search_term_string}"},"query-input":"required name=search_term_string"}],"inLanguage":"it-IT"},{"@type":"ImageObject","@id":"https:\/\/journler.com\/it\/bitcoin-casino\/#primaryimage","inLanguage":"it-IT","url":"https:\/\/journler.com\/wp-content\/uploads\/2020\/06\/bitcoin-gambling.jpg","contentUrl":"https:\/\/journler.com\/wp-content\/uploads\/2020\/06\/bitcoin-gambling.jpg","width":999,"height":523},{"@type":"WebPage","@id":"https:\/\/journler.com\/it\/bitcoin-casino\/#webpage","url":"https:\/\/journler.com\/it\/bitcoin-casino\/","name":"Bitcoin casin\u00f2: Guida ai Crypto Casino per i Giocatori dalla Svizzera","isPartOf":{"@id":"https:\/\/journler.com\/it\/#website"},"primaryImageOfPage":{"@id":"https:\/\/journler.com\/it\/bitcoin-casino\/#primaryimage"},"datePublished":"2021-09-29T06:30:16+00:00","dateModified":"2023-02-23T18:55:58+00:00","description":"Le persone amano il gioco d'azzardo Bitcoin a causa dei vantaggi offerti da questa criptovaluta. Bitcoin \u00e8 adatto per il gioco d'azzardo online per molte ragioni, andiamo a vedere quali.","breadcrumb":{"@id":"https:\/\/journler.com\/it\/bitcoin-casino\/#breadcrumb"},"inLanguage":"it-IT","potentialAction":[{"@type":"ReadAction","target":["https:\/\/journler.com\/it\/bitcoin-casino\/"]}]},{"@type":"BreadcrumbList","@id":"https:\/\/journler.com\/it\/bitcoin-casino\/#breadcrumb","itemListElement":[{"@type":"ListItem","position":1,"name":"Home","item":"https:\/\/journler.com\/it\/"},{"@type":"ListItem","position":2,"name":"Guida ai Bitcoin Casin\u00f2 per i Giocatori dalla Svizzera"}]}]}},"_links":{"self":[{"href":"https:\/\/journler.com\/it\/wp-json\/wp\/v2\/pages\/219"}],"collection":[{"href":"https:\/\/journler.com\/it\/wp-json\/wp\/v2\/pages"}],"about":[{"href":"https:\/\/journler.com\/it\/wp-json\/wp\/v2\/types\/page"}],"author":[{"embeddable":true,"href":"https:\/\/journler.com\/it\/wp-json\/wp\/v2\/users\/1"}],"replies":[{"embeddable":true,"href":"https:\/\/journler.com\/it\/wp-json\/wp\/v2\/comments?post=219"}],"version-history":[{"count":7,"href":"https:\/\/journler.com\/it\/wp-json\/wp\/v2\/pages\/219\/revisions"}],"predecessor-version":[{"id":313,"href":"https:\/\/journler.com\/it\/wp-json\/wp\/v2\/pages\/219\/revisions\/313"}],"wp:featuredmedia":[{"embeddable":true,"href":"https:\/\/journler.com\/it\/wp-json\/wp\/v2\/media\/221"}],"wp:attachment":[{"href":"https:\/\/journler.com\/it\/wp-json\/wp\/v2\/media?parent=219"}],"curies":[{"name":"wp","href":"https:\/\/api.w.org\/{rel}","templated":true}]}}