{"id":196,"date":"2021-09-29T07:29:59","date_gmt":"2021-09-29T05:29:59","guid":{"rendered":"https:\/\/journler.com\/?page_id=196"},"modified":"2023-07-12T12:16:54","modified_gmt":"2023-07-12T10:16:54","slug":"casino-online-svizzera","status":"publish","type":"page","link":"https:\/\/journler.com\/it\/","title":{"rendered":"Consigli su come trovare il miglior Casin\u00f2 Online per Giocatori Svizzeri"},"content":{"rendered":"\n<h1 class=\"wp-block-heading\" id=\"0-consigli-su-come-trovare-il-miglior-casin%C3%B2-online-per-giocatori-svizzeri\">Consigli su come trovare il miglior Casin\u00f2 Online per Giocatori Svizzeri<\/h1>\n\n\n\n<h2 class=\"wp-block-heading\" id=\"1-il-vantaggio-di-iscriversi-in-un-casin%C3%B2-online-\"><strong>Il Vantaggio di iscriversi in un Casin\u00f2 Online<\/strong><\/h2>\n\n\n\n<p>Per quelli di voi che amano il gioco d&#8217;azzardo o l&#8217;emozione dei giochi da casin\u00f2, ma non hanno il tempo di andare in un vero casin\u00f2 e giocare (o forse non ce n&#8217;\u00e8 uno nella vostra zona), i casin\u00f2 online hanno portato il meglio dei giochi da casin\u00f2 a portata di mano. In sostanza, i casin\u00f2 online offrono servizi basati su Internet che consentono agli utenti <a href=\"https:\/\/journler.com\/it\/siti-scommesse-svizzera\/\">di piazzare scommesse virtuali<\/a> sul gioco d&#8217;azzardo in tempo reale, utilizzando denaro reale.<\/p>\n\n\n\n<!--more-->\n\n\n\n<figure class=\"wp-block-image size-large is-resized\"><img decoding=\"async\" src=\"https:\/\/journler.com\/wp-content\/uploads\/2021\/09\/Casino777.jpg\" alt=\"Casino777\" class=\"wp-image-205\" width=\"730\" height=\"233\" srcset=\"https:\/\/journler.com\/wp-content\/uploads\/2021\/09\/Casino777.jpg 730w, https:\/\/journler.com\/wp-content\/uploads\/2021\/09\/Casino777-300x96.jpg 300w\" sizes=\"(max-width: 730px) 100vw, 730px\" \/><\/figure>\n\n\n\n<p>I casin\u00f2 online non sono una novit\u00e0 poich\u00e9 il gioco d&#8217;azzardo online \u00e8 stato uno dei primi settori che ha approfittato dell&#8217;era digitale affermandosi tramite Internet, anche se in Svizzera ci\u00f2 \u00e8 diventato legale da pochissimi anni. Con un graduale aumento di popolarit\u00e0 e concorrenza, la nuova tecnologia ha spinto con successo il gioco d&#8217;azzardo nell&#8217;era digitale. <\/p>\n\n\n\n<p>Ora ci sono tantissimi siti Web svizzeri che offrono servizi di casin\u00f2 online, supportati da numerose societ\u00e0 di software, casin\u00f2 professionali e gruppi di gestione.<\/p>\n\n\n<div class=\"ub_table-of-contents\" data-showtext=\"show\" data-hidetext=\"hide\" data-scrolltype=\"auto\" id=\"ub_table-of-contents-bd6e1e4f-eb30-47d3-8150-e768bba66ace\" data-initiallyhideonmobile=\"false\"\n                    data-initiallyshow=\"true\"><div class=\"ub_table-of-contents-header-container\"><div class=\"ub_table-of-contents-header\">\n                    <div class=\"ub_table-of-contents-title\">Il contenuto dell&#8217;articolo<\/div><\/div><\/div><div class=\"ub_table-of-contents-extra-container\"><div class=\"ub_table-of-contents-container ub_table-of-contents-1-column \"><ul><li><a href=https:\/\/journler.com\/it\/#0-consigli-su-come-trovare-il-miglior-casin%C3%B2-online-per-giocatori-svizzeri>Consigli su come trovare il miglior Casin\u00f2 Online per Giocatori Svizzeri<\/a><ul><li><a href=https:\/\/journler.com\/it\/#1-il-vantaggio-di-iscriversi-in-un-casin%C3%B2-online->Il Vantaggio di iscriversi in un Casin\u00f2 Online<\/a><\/li><li><a href=https:\/\/journler.com\/it\/#2-cosa-tenere-in-considerazione-per-trovare-il-miglior-casin%C3%B2-online-per-giocatori-svizzeri->Cosa tenere in considerazione per trovare il miglior Casin\u00f2 Online per giocatori Svizzeri<\/a><ul><li><a href=https:\/\/journler.com\/it\/#3-reputazione->Reputazione<\/a><\/li><li><a href=https:\/\/journler.com\/it\/#4-sicurezza-del-sito->Sicurezza del Sito<\/a><\/li><li><a href=https:\/\/journler.com\/it\/#5-promozioni-e-bonus->Promozioni e Bonus<\/a><\/li><li><a href=https:\/\/journler.com\/it\/#6-payout-e-metodi-di-pagamento->Payout e Metodi di Pagamento<\/a><\/li><\/ul><\/li><li><a href=https:\/\/journler.com\/it\/#7-conclusioni->Conclusioni<\/a><\/li><li><a href=https:\/\/journler.com\/it\/#8-faq->FAQ<\/a><\/li><\/ul><\/li><\/ul><\/div><\/div><\/div>\n\n\n<h2 class=\"wp-block-heading\" id=\"2-cosa-tenere-in-considerazione-per-trovare-il-miglior-casin%C3%B2-online-per-giocatori-svizzeri-\"><strong>Cosa tenere in considerazione per trovare il miglior Casin\u00f2 Online per giocatori Svizzeri<\/strong><\/h2>\n\n\n\n<p>Entriamo per\u00f2 subito nel vivo del nostro articolo e andiamo a vedere una serie di parametri che ognuno di voi dovrebbe controllare, al fine di stabilire quale \u00e8 il miglior Casin\u00f2 Online per giocatori Svizzeri: <a href=\"https:\/\/casinosvizzera.casino\">https:\/\/casinosvizzera.casino<\/a><\/p>\n\n\n\n<h3 class=\"wp-block-heading\" id=\"3-reputazione-\"><strong>Reputazione<\/strong><\/h3>\n\n\n\n<p>Nel mondo dei nomi di casin\u00f2 dubbi e delle truffe online, il fattore pi\u00f9 importante da considerare \u00e8 la reputazione dei siti web. Ci\u00f2 che la maggior parte dei giocatori d&#8217;azzardo non riesce a capire \u00e8 che, nonostante l&#8217;alto rischio del business del gioco d&#8217;azzardo in generale, ci sono una serie di rischi aggiuntivi che non dovrebbero essere presi in considerazione in un casin\u00f2 dal vivo.<\/p>\n\n\n\n<p>Il metodo pi\u00f9 rassicurante per ricercare l&#8217;affidabilit\u00e0 e la credibilit\u00e0 di un sito di gioco d&#8217;azzardo \u00e8 leggere tutte le recensioni degli utenti che riesci a recuperare. Con ogni persona che ha le proprie percezioni, pregiudizi e standard di qualit\u00e0 e servizio clienti, leggere un minimo di 30-40 recensioni ti aiuter\u00e0 a fare la media delle loro recensioni, dandoti un&#8217;immagine pi\u00f9 chiara di come \u00e8 effettivamente il sito web. <\/p>\n\n\n\n<p>Dato che in Svizzera i giocatori possono iscriversi solamente a Casin\u00f2 basati sul territorio elvetico, questo processo dovrebbe risultare abbastanza semplice, in quanto ogni piattaforma viene controllata rigorosamente dalle autorit\u00e0 competenti.<\/p>\n\n\n\n<h3 class=\"wp-block-heading\" id=\"4-sicurezza-del-sito-\"><strong>Sicurezza del Sito<\/strong><\/h3>\n\n\n\n<p>Ora questa \u00e8 la parte importante in quanto riguarda i tuoi soldi. Tutti i giocatori dovrebbero assicurarsi che i casin\u00f2 con cui hanno a che fare offrano sicurezza, protezione ed equit\u00e0 nel trattare i pagamenti. Il modo pi\u00f9 semplice per scoprire quanto sia sicuro un casin\u00f2 online sarebbe scoprire i nomi delle societ\u00e0 responsabili dello sviluppo e della fornitura della piattaforma software di sicurezza del sito.<\/p>\n\n\n\n<figure class=\"wp-block-image size-large is-resized\"><img decoding=\"async\" src=\"https:\/\/journler.com\/wp-content\/uploads\/2021\/09\/NetEnt.jpg\" alt=\"NetEnt\" class=\"wp-image-210\" width=\"730\" height=\"433\" srcset=\"https:\/\/journler.com\/wp-content\/uploads\/2021\/09\/NetEnt.jpg 730w, https:\/\/journler.com\/wp-content\/uploads\/2021\/09\/NetEnt-300x178.jpg 300w\" sizes=\"(max-width: 730px) 100vw, 730px\" \/><\/figure>\n\n\n\n<p>Quelli del calibro di NetEnt, Microgamming Playtech e cos\u00ec via sono abbastanza rinomati a livello globale perch\u00e9 forniscono siti Web e giochi sviluppati con funzionalit\u00e0 di sicurezza integrate tra cui protezione firewall e crittografia SSL a 128 bit, entrambi progettati per garantire il massimo sito sicurezza. Gli utenti dovrebbero anche verificare se il software del generatore di numeri casuali del sito del casin\u00f2 \u00e8 stato certificato da un organizzazione di certificazione indipendente.<\/p>\n\n\n\n<h3 class=\"wp-block-heading\" id=\"5-promozioni-e-bonus-\"><strong>Promozioni e Bonus<\/strong><\/h3>\n\n\n\n<p>Supponendo che tutto sia corretto, gli utenti online dovrebbero considerare i casin\u00f2 che hanno i migliori programmi di premi o offrono le migliori promozioni e bonus per i giocatori. Con la concorrenza spietata nel settore dei giochi online, quasi tutti i casin\u00f2 offrono un bonus di iscrizione. <\/p>\n\n\n\n<p>Molti siti offrono persino scommesse gratuite, esclusivi bonus VIP e dispongono persino di un sistema di sconti. \u00c8 fondamentale leggere tutti i termini e le condizioni e le regole e i regolamenti relativi alle promozioni di un casin\u00f2.<\/p>\n\n\n\n<p>Questo non solo ti aiuter\u00e0 a capire i vari parametri e restrizioni di &#8220;rollover&#8221;, ma ti aiuter\u00e0 ad evitare inutili delusioni in futuro. Tutti i casin\u00f2 offrono un bonus di registrazione iniziale, che di solito viene visualizzato come un banner nella home-page del sito, con il bonus standard pari al 100% del primo deposito iniziale, anche se alcuni casin\u00f2 coprono fino ai primi cinque depositi con un bonus. <\/p>\n\n\n\n<figure class=\"wp-block-image size-large is-resized\"><img decoding=\"async\" src=\"https:\/\/journler.com\/wp-content\/uploads\/2021\/09\/StarVegas.jpg\" alt=\"StarVegas\" class=\"wp-image-214\" width=\"730\" height=\"434\" srcset=\"https:\/\/journler.com\/wp-content\/uploads\/2021\/09\/StarVegas.jpg 730w, https:\/\/journler.com\/wp-content\/uploads\/2021\/09\/StarVegas-300x178.jpg 300w\" sizes=\"(max-width: 730px) 100vw, 730px\" \/><\/figure>\n\n\n\n<p>Prima di buttarsi ad occhi chiusi verso un bonus per\u00f2, fai molta attenzione ai requisiti di scommessa che bisogna rispettare, per evitare di spendere pi\u00f9 di quanto riuscirai effettivamente ad ottenere.<\/p>\n\n\n\n<p>Inoltre, fai attenzione alla politica dell&#8217;azienda per i premi dei giocatori in corso, inclusi bonus di ricarica, promozioni e offerte cashback.<\/p>\n\n\n\n<h3 class=\"wp-block-heading\" id=\"6-payout-e-metodi-di-pagamento-\"><strong>Payout e Metodi di Pagamento<\/strong><\/h3>\n\n\n\n<p>Un altro fattore critico da considerare sono le opzioni bancarie fornite dal casin\u00f2 online. Assicurati sempre di effettuare transazioni tramite un fornitore di servizi di pagamento affidabile e degno di fiducia. I siti affidabili reindirizzano gli utenti solo a stabilimenti di gioco affidabili che dispongono di pi\u00f9 fornitori di servizi di pagamento come Visa, MasterCard, PayPal, Neteller e altri.<\/p>\n\n\n\n<p>Tieni d\u2019occhio anche la quantit\u00e0 di tempo necessaria per effettuare un deposito ed un prelievo, e se la piattaforma addebita un qualsiasi tipo di commissione per ogni transazione; sarebbe abbastanza fastidioso dover pagare una commissione quando sai gi\u00e0 che andrai a spendere i soldi depositati.<\/p>\n\n\n\n<h2 class=\"wp-block-heading\" id=\"7-conclusioni-\"><strong>Conclusioni<\/strong><\/h2>\n\n\n\n<p>Per la maggior parte dei neofiti del casin\u00f2 o del gioco d&#8217;azzardo su Internet, il mondo dei casin\u00f2 online pu\u00f2 essere un luogo confuso e frustrante, con ogni casin\u00f2 che mostra banner e grandi bonus di benvenuto e impiega una serie di altre tattiche di marketing per ottenere i tuoi soldi e invogliarti a gioco d&#8217;azzardo.<\/p>\n\n\n\n<p>Il pi\u00f9 grande comune problema \u00e8 scegliere il casin\u00f2 online giusto, dal momento che praticamente tutti hanno giochi uguali o simili. Detto questo, vi abbiamo mostrato quali sono i fattori da tenere in considerazione durante la scelta della migliore piattaforma di gioco d\u2019azzardo per giocatori svizzeri, ma se avete bisogno di ulteriori delucidazioni vi consigliamo di fare un salto sul nostro sito web, dove potrete trovare numerosissime guide, recensioni e articoli che speriamo vi potranno essere di grande aiuto.<\/p>\n\n\n\n<h2 class=\"wp-block-heading\" id=\"8-faq-\"><strong>FAQ<\/strong><\/h2>\n\n\n<div class=\"wp-block-ub-content-toggle\" id=\"ub-content-toggle-3d751f44-33c6-40af-9394-11a4f9887bc1\" data-mobilecollapse=\"false\" data-desktopcollapse=\"false\">\n<div class=\"wp-block-ub-content-toggle-accordion\">\n                <div class=\"wp-block-ub-content-toggle-accordion-title-wrap\" aria-expanded=\"true\" aria-controls=\"ub-content-toggle-panel-0-3d751f44-33c6-40af-9394-11a4f9887bc1\" tabindex=\"0\">\n                    <h3 class=\"wp-block-ub-content-toggle-accordion-title ub-content-toggle-title-3d751f44-33c6-40af-9394-11a4f9887bc1\">Come faccio a sapere se un casin\u00f2 online \u00e8 sicuro e protetto?<\/h3><div class=\"wp-block-ub-content-toggle-accordion-toggle-wrap right\"><span class=\"wp-block-ub-content-toggle-accordion-state-indicator wp-block-ub-chevron-down open\"><\/span>\n                    <\/div><\/div><div role=\"region\" class=\"wp-block-ub-content-toggle-accordion-content-wrap\" id=\"ub-content-toggle-panel-0-3d751f44-33c6-40af-9394-11a4f9887bc1\">\n\n<p>Quando si cerca un casin\u00f2 online, \u00e8 importante assicurarsi che sia legittimo e con licenza adeguata. Controlla se il casin\u00f2 ha una licenza di gioco valida rilasciata da un&#8217;autorit\u00e0 o commissione di gioco rispettabile. Dovresti anche cercare siti Web che utilizzano la tecnologia di crittografia Secure Socket Layer (SSL) per proteggere le tue informazioni personali e le transazioni finanziarie.<\/p>\n\n<\/div><\/div>\n\n<div class=\"wp-block-ub-content-toggle-accordion\">\n                <div class=\"wp-block-ub-content-toggle-accordion-title-wrap\" aria-expanded=\"true\" aria-controls=\"ub-content-toggle-panel-1-3d751f44-33c6-40af-9394-11a4f9887bc1\" tabindex=\"0\">\n                    <h3 class=\"wp-block-ub-content-toggle-accordion-title ub-content-toggle-title-3d751f44-33c6-40af-9394-11a4f9887bc1\">Quale selezione di giochi devo aspettarmi?<\/h3><div class=\"wp-block-ub-content-toggle-accordion-toggle-wrap right\"><span class=\"wp-block-ub-content-toggle-accordion-state-indicator wp-block-ub-chevron-down open\"><\/span>\n                    <\/div><\/div><div role=\"region\" class=\"wp-block-ub-content-toggle-accordion-content-wrap\" id=\"ub-content-toggle-panel-1-3d751f44-33c6-40af-9394-11a4f9887bc1\">\n\n<p>Diversi casin\u00f2 offrono diverse selezioni di giochi, quindi \u00e8 importante fare le tue ricerche prima di registrarti. Assicurati che il casin\u00f2 che stai prendendo in considerazione offra tutti i tuoi giochi preferiti, come slot, blackjack, roulette e altro ancora. Alcuni casin\u00f2 offrono anche giochi con croupier dal vivo, che ti consentono di interagire con un vero croupier in tempo reale.<\/p>\n\n<\/div><\/div>\n\n<div class=\"wp-block-ub-content-toggle-accordion\">\n                <div class=\"wp-block-ub-content-toggle-accordion-title-wrap\" aria-expanded=\"true\" aria-controls=\"ub-content-toggle-panel-2-3d751f44-33c6-40af-9394-11a4f9887bc1\" tabindex=\"0\">\n                    <h3 class=\"wp-block-ub-content-toggle-accordion-title ub-content-toggle-title-3d751f44-33c6-40af-9394-11a4f9887bc1\">Come faccio a sapere se un casin\u00f2 online \u00e8 affidabile?<\/h3><div class=\"wp-block-ub-content-toggle-accordion-toggle-wrap right\"><span class=\"wp-block-ub-content-toggle-accordion-state-indicator wp-block-ub-chevron-down open\"><\/span>\n                    <\/div><\/div><div role=\"region\" class=\"wp-block-ub-content-toggle-accordion-content-wrap\" id=\"ub-content-toggle-panel-2-3d751f44-33c6-40af-9394-11a4f9887bc1\">\n\n<p>\u00c8 importante controllare le recensioni dei clienti di qualsiasi casin\u00f2 che stai prendendo in considerazione per comprendere meglio la qualit\u00e0 del servizio. Inoltre, cerca i casin\u00f2 online che esistono da un po&#8217; di tempo e hanno valutazioni positive da fonti attendibili come eCOGRA, che garantisce la sicurezza e l&#8217;equit\u00e0 dei siti di gioco online.<\/p>\n\n<\/div><\/div>\n\n<div class=\"wp-block-ub-content-toggle-accordion\">\n                <div class=\"wp-block-ub-content-toggle-accordion-title-wrap\" aria-expanded=\"true\" aria-controls=\"ub-content-toggle-panel-3-3d751f44-33c6-40af-9394-11a4f9887bc1\" tabindex=\"0\">\n                    <h3 class=\"wp-block-ub-content-toggle-accordion-title ub-content-toggle-title-3d751f44-33c6-40af-9394-11a4f9887bc1\">Quali opzioni di servizio clienti sono disponibili in un casin\u00f2 online?<\/h3><div class=\"wp-block-ub-content-toggle-accordion-toggle-wrap right\"><span class=\"wp-block-ub-content-toggle-accordion-state-indicator wp-block-ub-chevron-down open\"><\/span>\n                    <\/div><\/div><div role=\"region\" class=\"wp-block-ub-content-toggle-accordion-content-wrap\" id=\"ub-content-toggle-panel-3-3d751f44-33c6-40af-9394-11a4f9887bc1\">\n\n<p>I migliori casin\u00f2 dovrebbero avere un servizio clienti disponibile 24 ore su 24, 7 giorni su 7 tramite live chat, e-mail o telefono. Ci\u00f2 garantir\u00e0 che eventuali problemi riscontrati possano essere risolti in modo rapido ed efficiente.<\/p>\n\n<\/div><\/div>\n<\/div>","protected":false},"excerpt":{"rendered":"<p>Consigli su come trovare il miglior Casin\u00f2 Online per Giocatori Svizzeri Il Vantaggio di iscriversi in un Casin\u00f2 Online Per quelli di voi che amano il gioco d&#8217;azzardo o l&#8217;emozione dei giochi da casin\u00f2, ma non hanno il tempo di andare in un vero casin\u00f2 e giocare (o forse non ce n&#8217;\u00e8 uno nella vostra zona), i casin\u00f2 online hanno portato il meglio dei giochi da casin\u00f2 a portata di mano. In sostanza, i casin\u00f2 online offrono servizi basati su Internet che consentono agli utenti di piazzare scommesse virtuali sul gioco d&#8217;azzardo in tempo reale, utilizzando denaro reale.<\/p>\n","protected":false},"author":1,"featured_media":0,"parent":0,"menu_order":0,"comment_status":"closed","ping_status":"closed","template":"","meta":{"ub_ctt_via":"","footnotes":""},"featured_image_src":null,"yoast_head":"<!-- This site is optimized with the Yoast SEO plugin v18.2 - https:\/\/yoast.com\/wordpress\/plugins\/seo\/ -->\n<title>Casino Online Svizzera \u26a1\ufe0f Guida per Giocatori Svizzeri 2026<\/title>\n<meta name=\"description\" content=\"Ci\u00f2 che la maggior parte dei giocatori d\u2019azzardo non riesce a capire \u00e8 che, nonostante l\u2019alto rischio del business del gioco d\u2019azzardo in generale, ci sono una serie di rischi aggiuntivi che non dovrebbero essere presi in considerazione in un casin\u00f2 dal vivo.\" \/>\n<meta name=\"robots\" content=\"index, follow, max-snippet:-1, max-image-preview:large, max-video-preview:-1\" \/>\n<link rel=\"canonical\" href=\"https:\/\/journler.com\/it\/\" \/>\n<meta property=\"og:locale\" content=\"it_IT\" \/>\n<meta property=\"og:type\" content=\"article\" \/>\n<meta property=\"og:title\" content=\"Casino Online Svizzera \u26a1\ufe0f Guida per Giocatori Svizzeri 2026\" \/>\n<meta property=\"og:description\" content=\"Ci\u00f2 che la maggior parte dei giocatori d\u2019azzardo non riesce a capire \u00e8 che, nonostante l\u2019alto rischio del business del gioco d\u2019azzardo in generale, ci sono una serie di rischi aggiuntivi che non dovrebbero essere presi in considerazione in un casin\u00f2 dal vivo.\" \/>\n<meta property=\"og:url\" content=\"https:\/\/journler.com\/it\/\" \/>\n<meta property=\"og:site_name\" content=\"Journler\u2019s online casino guide f\u00f6r svenska spelare: Topp n\u00e4tasinon\" \/>\n<meta property=\"article:modified_time\" content=\"2023-07-12T10:16:54+00:00\" \/>\n<meta property=\"og:image\" content=\"https:\/\/journler.com\/wp-content\/uploads\/2021\/09\/Casino777.jpg\" \/>\n<meta name=\"twitter:card\" content=\"summary_large_image\" \/>\n<meta name=\"twitter:label1\" content=\"Tempo di lettura stimato\" \/>\n\t<meta name=\"twitter:data1\" content=\"6 minuti\" \/>\n<script type=\"application\/ld+json\" class=\"yoast-schema-graph\">{\"@context\":\"https:\/\/schema.org\",\"@graph\":[{\"@type\":\"WebSite\",\"@id\":\"https:\/\/journler.com\/it\/#website\",\"url\":\"https:\/\/journler.com\/it\/\",\"name\":\"Journler\u2019s online casino guide f\u00f6r svenska spelare: Topp n\u00e4tasinon\",\"description\":\"Svenska online casinon har v\u00e4rldens absolut b\u00e4sta kunderbjudanden. Det \u00e4r d\u00e4rf\u00f6r l\u00e4tt att tro att svenska casinon \u00e4r de allra mest gener\u00f6sa.\",\"potentialAction\":[{\"@type\":\"SearchAction\",\"target\":{\"@type\":\"EntryPoint\",\"urlTemplate\":\"https:\/\/journler.com\/it\/?s={search_term_string}\"},\"query-input\":\"required name=search_term_string\"}],\"inLanguage\":\"it-IT\"},{\"@type\":\"ImageObject\",\"@id\":\"https:\/\/journler.com\/it\/#primaryimage\",\"inLanguage\":\"it-IT\",\"url\":\"https:\/\/journler.com\/wp-content\/uploads\/2021\/09\/Casino777.jpg\",\"contentUrl\":\"https:\/\/journler.com\/wp-content\/uploads\/2021\/09\/Casino777.jpg\",\"width\":730,\"height\":233},{\"@type\":\"WebPage\",\"@id\":\"https:\/\/journler.com\/it\/#webpage\",\"url\":\"https:\/\/journler.com\/it\/\",\"name\":\"Casino Online Svizzera \u26a1\ufe0f Guida per Giocatori Svizzeri 2026\",\"isPartOf\":{\"@id\":\"https:\/\/journler.com\/it\/#website\"},\"primaryImageOfPage\":{\"@id\":\"https:\/\/journler.com\/it\/#primaryimage\"},\"datePublished\":\"2021-09-29T05:29:59+00:00\",\"dateModified\":\"2023-07-12T10:16:54+00:00\",\"description\":\"Ci\u00f2 che la maggior parte dei giocatori d\u2019azzardo non riesce a capire \u00e8 che, nonostante l\u2019alto rischio del business del gioco d\u2019azzardo in generale, ci sono una serie di rischi aggiuntivi che non dovrebbero essere presi in considerazione in un casin\u00f2 dal vivo.\",\"breadcrumb\":{\"@id\":\"https:\/\/journler.com\/it\/#breadcrumb\"},\"inLanguage\":\"it-IT\",\"potentialAction\":[{\"@type\":\"ReadAction\",\"target\":[\"https:\/\/journler.com\/it\/\"]}]},{\"@type\":\"BreadcrumbList\",\"@id\":\"https:\/\/journler.com\/it\/#breadcrumb\",\"itemListElement\":[{\"@type\":\"ListItem\",\"position\":1,\"name\":\"Home\",\"item\":\"https:\/\/journler.com\/it\/\"},{\"@type\":\"ListItem\",\"position\":2,\"name\":\"Consigli su come trovare il miglior Casin\u00f2 Online per Giocatori Svizzeri\"}]}]}<\/script>\n<!-- \/ Yoast SEO plugin. -->","yoast_head_json":{"title":"Casino Online Svizzera \u26a1\ufe0f Guida per Giocatori Svizzeri 2026","description":"Ci\u00f2 che la maggior parte dei giocatori d\u2019azzardo non riesce a capire \u00e8 che, nonostante l\u2019alto rischio del business del gioco d\u2019azzardo in generale, ci sono una serie di rischi aggiuntivi che non dovrebbero essere presi in considerazione in un casin\u00f2 dal vivo.","robots":{"index":"index","follow":"follow","max-snippet":"max-snippet:-1","max-image-preview":"max-image-preview:large","max-video-preview":"max-video-preview:-1"},"canonical":"https:\/\/journler.com\/it\/","og_locale":"it_IT","og_type":"article","og_title":"Casino Online Svizzera \u26a1\ufe0f Guida per Giocatori Svizzeri 2026","og_description":"Ci\u00f2 che la maggior parte dei giocatori d\u2019azzardo non riesce a capire \u00e8 che, nonostante l\u2019alto rischio del business del gioco d\u2019azzardo in generale, ci sono una serie di rischi aggiuntivi che non dovrebbero essere presi in considerazione in un casin\u00f2 dal vivo.","og_url":"https:\/\/journler.com\/it\/","og_site_name":"Journler\u2019s online casino guide f\u00f6r svenska spelare: Topp n\u00e4tasinon","article_modified_time":"2023-07-12T10:16:54+00:00","og_image":[{"url":"https:\/\/journler.com\/wp-content\/uploads\/2021\/09\/Casino777.jpg"}],"twitter_card":"summary_large_image","twitter_misc":{"Tempo di lettura stimato":"6 minuti"},"schema":{"@context":"https:\/\/schema.org","@graph":[{"@type":"WebSite","@id":"https:\/\/journler.com\/it\/#website","url":"https:\/\/journler.com\/it\/","name":"Journler\u2019s online casino guide f\u00f6r svenska spelare: Topp n\u00e4tasinon","description":"Svenska online casinon har v\u00e4rldens absolut b\u00e4sta kunderbjudanden. Det \u00e4r d\u00e4rf\u00f6r l\u00e4tt att tro att svenska casinon \u00e4r de allra mest gener\u00f6sa.","potentialAction":[{"@type":"SearchAction","target":{"@type":"EntryPoint","urlTemplate":"https:\/\/journler.com\/it\/?s={search_term_string}"},"query-input":"required name=search_term_string"}],"inLanguage":"it-IT"},{"@type":"ImageObject","@id":"https:\/\/journler.com\/it\/#primaryimage","inLanguage":"it-IT","url":"https:\/\/journler.com\/wp-content\/uploads\/2021\/09\/Casino777.jpg","contentUrl":"https:\/\/journler.com\/wp-content\/uploads\/2021\/09\/Casino777.jpg","width":730,"height":233},{"@type":"WebPage","@id":"https:\/\/journler.com\/it\/#webpage","url":"https:\/\/journler.com\/it\/","name":"Casino Online Svizzera \u26a1\ufe0f Guida per Giocatori Svizzeri 2026","isPartOf":{"@id":"https:\/\/journler.com\/it\/#website"},"primaryImageOfPage":{"@id":"https:\/\/journler.com\/it\/#primaryimage"},"datePublished":"2021-09-29T05:29:59+00:00","dateModified":"2023-07-12T10:16:54+00:00","description":"Ci\u00f2 che la maggior parte dei giocatori d\u2019azzardo non riesce a capire \u00e8 che, nonostante l\u2019alto rischio del business del gioco d\u2019azzardo in generale, ci sono una serie di rischi aggiuntivi che non dovrebbero essere presi in considerazione in un casin\u00f2 dal vivo.","breadcrumb":{"@id":"https:\/\/journler.com\/it\/#breadcrumb"},"inLanguage":"it-IT","potentialAction":[{"@type":"ReadAction","target":["https:\/\/journler.com\/it\/"]}]},{"@type":"BreadcrumbList","@id":"https:\/\/journler.com\/it\/#breadcrumb","itemListElement":[{"@type":"ListItem","position":1,"name":"Home","item":"https:\/\/journler.com\/it\/"},{"@type":"ListItem","position":2,"name":"Consigli su come trovare il miglior Casin\u00f2 Online per Giocatori Svizzeri"}]}]}},"_links":{"self":[{"href":"https:\/\/journler.com\/it\/wp-json\/wp\/v2\/pages\/196"}],"collection":[{"href":"https:\/\/journler.com\/it\/wp-json\/wp\/v2\/pages"}],"about":[{"href":"https:\/\/journler.com\/it\/wp-json\/wp\/v2\/types\/page"}],"author":[{"embeddable":true,"href":"https:\/\/journler.com\/it\/wp-json\/wp\/v2\/users\/1"}],"replies":[{"embeddable":true,"href":"https:\/\/journler.com\/it\/wp-json\/wp\/v2\/comments?post=196"}],"version-history":[{"count":7,"href":"https:\/\/journler.com\/it\/wp-json\/wp\/v2\/pages\/196\/revisions"}],"predecessor-version":[{"id":328,"href":"https:\/\/journler.com\/it\/wp-json\/wp\/v2\/pages\/196\/revisions\/328"}],"wp:attachment":[{"href":"https:\/\/journler.com\/it\/wp-json\/wp\/v2\/media?parent=196"}],"curies":[{"name":"wp","href":"https:\/\/api.w.org\/{rel}","templated":true}]}}