{"id":171,"date":"2021-07-12T20:58:08","date_gmt":"2021-07-12T18:58:08","guid":{"rendered":"https:\/\/journler.com\/?page_id=171"},"modified":"2021-07-12T21:02:48","modified_gmt":"2021-07-12T19:02:48","slug":"bitcoin-casino","status":"publish","type":"page","link":"https:\/\/journler.com\/da\/bitcoin-casino\/","title":{"rendered":"Bitcoin Casino \u20bf Din guide til krypto casinoer med BTC og andre kryptovalutaer"},"content":{"rendered":"\n<h1 class=\"wp-block-heading\" id=\"0-bitcoin-casino-%E2%82%BF-din-guide-til-krypto-casinoer-med-btc-og-andre-kryptovalutaer-\"><strong>Bitcoin Casino \u20bf Din guide til krypto casinoer med BTC og andre kryptovalutaer<\/strong><\/h1>\n\n\n\n<p>Alle taler om kryptovalutaer, og nu har den digitale m\u00f8ntenhed s\u00e5gar ramt online casino-verdenen. Hvem havde for blot f\u00e5 \u00e5r siden troet at man ogs\u00e5 skulle kunne spille slots, poker, blackjack, online roulette og meget mere med Bitcoin? Det er ikke desto mindre en realitet i dag, og der er efterh\u00e5nden <a href=\"https:\/\/journler.com\/da\/\">flere online casinoer<\/a> som nu byder ind med muligheden for at krydre sine casinospil med digital valuta.<\/p>\n\n\n\n<!--more-->\n\n\n\n<p>Vi har kastet et blik p\u00e5 krypto spillemarkedet og giver dig her al den n\u00f8dvendige info, du har brug for, for at f\u00e5 den bedst t\u00e6nkelige start p\u00e5 dit Bitcoin casino eventyr. Vi har s\u00e5gar ogs\u00e5 fundet frem til en lille h\u00e5ndfuld af de mest anbefalelsesv\u00e6rdige krypto casinoer. S\u00e5 l\u00e6s med og bliv din egen lille krypto casino-ekspert p\u00e5 f\u00e5 minutter!<\/p>\n\n\n\n<figure class=\"wp-block-image size-large is-resized\"><img decoding=\"async\" src=\"https:\/\/journler.com\/wp-content\/uploads\/2020\/06\/bitcoin-gambling.jpg\" alt=\"bitcoin casino\" class=\"wp-image-146\" width=\"999\" height=\"523\" srcset=\"https:\/\/journler.com\/wp-content\/uploads\/2020\/06\/bitcoin-gambling.jpg 999w, https:\/\/journler.com\/wp-content\/uploads\/2020\/06\/bitcoin-gambling-300x157.jpg 300w, https:\/\/journler.com\/wp-content\/uploads\/2020\/06\/bitcoin-gambling-768x402.jpg 768w\" sizes=\"(max-width: 999px) 100vw, 999px\" \/><\/figure>\n\n\n<div class=\"ub_table-of-contents\" data-showtext=\"show\" data-hidetext=\"hide\" data-scrolltype=\"auto\" id=\"ub_table-of-contents-d33afa2c-d876-410f-b947-7c9bc0aa6119\" data-initiallyhideonmobile=\"false\"\n                    data-initiallyshow=\"true\"><div class=\"ub_table-of-contents-header-container\"><div class=\"ub_table-of-contents-header\">\n                    <div class=\"ub_table-of-contents-title\">Indholdsfortegnelse<\/div><\/div><\/div><div class=\"ub_table-of-contents-extra-container\"><div class=\"ub_table-of-contents-container ub_table-of-contents-1-column \"><ul><li><a href=https:\/\/journler.com\/da\/bitcoin-casino\/#0-bitcoin-casino-%E2%82%BF-din-guide-til-krypto-casinoer-med-btc-og-andre-kryptovalutaer->Bitcoin Casino \u20bf Din guide til krypto casinoer med BTC og andre kryptovalutaer<\/a><ul><li><a href=https:\/\/journler.com\/da\/bitcoin-casino\/#1-find-det-bedste-bitcoin-casino-lige-her>Find det bedste Bitcoin casino lige her<\/a><\/li><li><a href=https:\/\/journler.com\/da\/bitcoin-casino\/#2-fordele-og-ulemper-ved-at-spille-med-bitcoin-amp-kryptovaluta>Fordele og ulemper ved at spille med Bitcoin &amp; kryptovaluta<\/a><ul><li><a href=https:\/\/journler.com\/da\/bitcoin-casino\/#3-3-gode-tips-til-at-finde-et-godt-bitcoin-casino>3 gode tips til at finde et godt Bitcoin Casino<\/a><\/li><\/ul><\/li><li><a href=https:\/\/journler.com\/da\/bitcoin-casino\/#4-krypto-casinoer-er-mere-end-bare-bitcoins>Krypto casinoer er mere end bare Bitcoins<\/a><\/li><li><a href=https:\/\/journler.com\/da\/bitcoin-casino\/#5-kryptovaluta-casinoer-leverer-samme-vilde-spiludbud>Kryptovaluta-casinoer leverer samme vilde spiludbud<\/a><\/li><li><a href=https:\/\/journler.com\/da\/bitcoin-casino\/#6-ofte-stillede-sp%C3%B8rgsm%C3%A5l>Ofte Stillede Sp\u00f8rgsm\u00e5l<\/a><\/li><li><a href=https:\/\/journler.com\/da\/bitcoin-casino\/#7-konklusion>Konklusion<\/a><\/li><\/ul><\/li><\/ul><\/div><\/div><\/div>\n\n\n<h2 class=\"wp-block-heading\" id=\"1-find-det-bedste-bitcoin-casino-lige-her\">Find det bedste Bitcoin casino lige her<\/h2>\n\n\n\n<p>Vores spilleeksperter elsker spillemarkedet og de elsker de nye teknologiske tiltag som dukker op i ny og n\u00e6. <a href=\"https:\/\/spiludennemid.casino\/bitcoin-casino\/\">Bitcoin casino sider<\/a> er det seneste skud p\u00e5 stammen og m\u00e5 siges at v\u00e6re en revolution. Vores eksperter er g\u00e5et metodisk til v\u00e6rks fra start og har kastet sig over en l\u00e6ngere analyse og test af markedets vigtigste krypto casinoer. Efter l\u00e6ngere tests og analyser er der kommet denne lille godkendte liste af kryptovaluta casinoer ud af feltarbejdet.<\/p>\n\n\n\n<h2 class=\"wp-block-heading\" id=\"2-fordele-og-ulemper-ved-at-spille-med-bitcoin-amp-kryptovaluta\">Fordele og ulemper ved at spille med Bitcoin &amp; kryptovaluta<\/h2>\n\n\n\n<p>Der er \u00e5benlyse fordele ved at spille med <a href=\"https:\/\/da.wikipedia.org\/wiki\/Kryptovaluta\">kryptovaluta<\/a> p\u00e5 et online casino, men der er dog ogs\u00e5 et par ulemper, som man ikke vil st\u00f8de p\u00e5 p\u00e5 et ordin\u00e6rt kasino med traditionel valuta. Vi remser her de v\u00e6sentligste fordele og ulemper op:<\/p>\n\n\n\n<p><strong>Fordele:<\/strong><\/p>\n\n\n\n<ul><li>Du bevarer din anonymitet<\/li><li>Du skal ikke betale skat af rene kryptovaluta-gevinster<\/li><li>Du har mulighed for at tjene store penge p\u00e5 kryptovaluta<\/li><\/ul>\n\n\n\n<p><strong>Ulemper:<\/strong><\/p>\n\n\n\n<ul><li>Nogle krypto casinoer har ikke spillelicens<\/li><li>Der er stadig kun f\u00e5 krypto casinoer<\/li><li>Udbetalinger kan tage tid<\/li><\/ul>\n\n\n\n<p>Der er naturligvis andre sm\u00e5 fordele og ulemper alt efter hvad man betragter, men ovenst\u00e5ende punkter er uden sammenligning de v\u00e6sentligste.<\/p>\n\n\n\n<h3 class=\"wp-block-heading\" id=\"3-3-gode-tips-til-at-finde-et-godt-bitcoin-casino\">3 gode tips til at finde et godt Bitcoin Casino<\/h3>\n\n\n\n<p>Hvis du virkelig gerne vil pr\u00f8ve lykken med et krypto casino og du ligger inde med eksempelvis lidt Bitcoins at spille for, s\u00e5 er der et par gode r\u00e5de man kan tage med sig i jagten p\u00e5 det rette casino. Du kan med fordel kigge p\u00e5 ovenst\u00e5ende 3 ulemper ved krypto casinoer n\u00e6vnt i forrige afsnit. Hvis vi g\u00e5r ud fra, at det er de 3 vigtigste punkter at eliminere eller at nedtone, s\u00e5 b\u00f8r du lede efter et Bitcoin casino som:<\/p>\n\n\n\n<ul><li>Har gyldig spillelicens<\/li><li>Kan sikre hurtige udbetalinger<\/li><li>Kan yde tryghed og sikkerhed<\/li><li>Har gode velkomstbonusser og kampagner<\/li><li>Har de casino spil du allerhelst vil spille p\u00e5<\/li><\/ul>\n\n\n\n<p>Alle casinoer er forskellige og s\u00e5ledes ogs\u00e5 Bitcoin Casinoer. Blot fordi der reklameres med at man kan spille med Bitcoins, s\u00e5 er det ikke ensbetydende med at det p\u00e5g\u00e6ldende online casino er identisk med andre krypto casinoer.<\/p>\n\n\n\n<h2 class=\"wp-block-heading\" id=\"4-krypto-casinoer-er-mere-end-bare-bitcoins\">Krypto casinoer er mere end bare Bitcoins<\/h2>\n\n\n\n<p>N\u00e5r snakken falder p\u00e5 kryptovaluta, s\u00e5 t\u00e6nker de fleste p\u00e5 Bitcoin. S\u00e5dan er det ogs\u00e5 med den spirende kryptovaluta-spilleverden. Der tales om Bitcoin casinoer, men der er faktisk en lang r\u00e6kke andre kryptovalutaer, som man ogs\u00e5 kan benytte p\u00e5 krypto casinoer. Den f\u00f8lgende liste er de hyppigst accepterede p\u00e5 casinoer der tager imod kryptovaluta:<\/p>\n\n\n\n<ul><li>Bitcoin<\/li><li>Ethereum<\/li><li>Litecoin<\/li><li>Dogecoin<\/li><\/ul>\n\n\n\n<p>Listen er l\u00e6ngere og kortere alt efter det krypto casino, du bes\u00f8ger. Men ovenst\u00e5ende 4 kryptovalutaer er de mest benyttede p\u00e5 crypto casinoerne i dag.<\/p>\n\n\n\n<h2 class=\"wp-block-heading\" id=\"5-kryptovaluta-casinoer-leverer-samme-vilde-spiludbud\">Kryptovaluta-casinoer leverer samme vilde spiludbud<\/h2>\n\n\n\n<p>Nogen frygter m\u00e5ske at man g\u00e5r glip af en masse spil og sjov, n\u00e5r man v\u00e6lger et BTC casino, men faktum er, at du kan nyde alle de vilde spillemaskiner fra nogen af markedets bedste spiludviklere. Ligeledes kan du spille alle de forskellige sjove versioner af roulette, blackjack, poker og baccarat og der er s\u00e5gar mulighed for at spille live casino med din foretrukne kryptovaluta. S\u00e5 frygt ikke for underholdningen, hvis du v\u00e6lger at spille for Bitcoins, Litecoins, Dogecoins eller Ethereum p\u00e5 dit nye kryptocasino.<\/p>\n\n\n\n<h2 class=\"wp-block-heading\" id=\"6-ofte-stillede-sp%C3%B8rgsm%C3%A5l\">Ofte Stillede Sp\u00f8rgsm\u00e5l<\/h2>\n\n\n<div class=\"wp-block-ub-content-toggle\" id=\"ub-content-toggle-08b8e377-81a7-4020-9b86-04cbcbe8d2ec\" data-mobilecollapse=\"false\" data-desktopcollapse=\"false\">\n<div class=\"wp-block-ub-content-toggle-accordion\">\n                <div class=\"wp-block-ub-content-toggle-accordion-title-wrap\" aria-expanded=\"true\" aria-controls=\"ub-content-toggle-panel-0-08b8e377-81a7-4020-9b86-04cbcbe8d2ec\" tabindex=\"0\">\n                    <h3 class=\"wp-block-ub-content-toggle-accordion-title ub-content-toggle-title-08b8e377-81a7-4020-9b86-04cbcbe8d2ec\">Hvad er de bedste Bitcoin casinoer p\u00e5 markedet lige nu?<\/h3><div class=\"wp-block-ub-content-toggle-accordion-toggle-wrap right\"><span class=\"wp-block-ub-content-toggle-accordion-state-indicator wp-block-ub-chevron-down open\"><\/span>\n                    <\/div><\/div><div role=\"region\" class=\"wp-block-ub-content-toggle-accordion-content-wrap\" id=\"ub-content-toggle-panel-0-08b8e377-81a7-4020-9b86-04cbcbe8d2ec\">\n\n<p>BTC casinoet Bitstarz er et af markedets mest popul\u00e6re lige nu.<\/p>\n\n<\/div><\/div>\n\n<div class=\"wp-block-ub-content-toggle-accordion\">\n                <div class=\"wp-block-ub-content-toggle-accordion-title-wrap\" aria-expanded=\"true\" aria-controls=\"ub-content-toggle-panel-1-08b8e377-81a7-4020-9b86-04cbcbe8d2ec\" tabindex=\"0\">\n                    <h3 class=\"wp-block-ub-content-toggle-accordion-title ub-content-toggle-title-08b8e377-81a7-4020-9b86-04cbcbe8d2ec\">Er det sikkert at spille p\u00e5 kryptocasinoer?<\/h3><div class=\"wp-block-ub-content-toggle-accordion-toggle-wrap right\"><span class=\"wp-block-ub-content-toggle-accordion-state-indicator wp-block-ub-chevron-down open\"><\/span>\n                    <\/div><\/div><div role=\"region\" class=\"wp-block-ub-content-toggle-accordion-content-wrap\" id=\"ub-content-toggle-panel-1-08b8e377-81a7-4020-9b86-04cbcbe8d2ec\">\n\n<p>Ja, s\u00e5l\u00e6nge du s\u00f8rger for at holde dig til et crypto-kasino som opererer med en af de store spillelicenser som Maltas eller Curacaos. S\u00e5 ved du at det p\u00e5g\u00e6ldende Bitcoin Casino overholder det p\u00e5g\u00e6ldende lands spillelovgivning.<\/p>\n\n<\/div><\/div>\n\n<div class=\"wp-block-ub-content-toggle-accordion\">\n                <div class=\"wp-block-ub-content-toggle-accordion-title-wrap\" aria-expanded=\"true\" aria-controls=\"ub-content-toggle-panel-2-08b8e377-81a7-4020-9b86-04cbcbe8d2ec\" tabindex=\"0\">\n                    <h3 class=\"wp-block-ub-content-toggle-accordion-title ub-content-toggle-title-08b8e377-81a7-4020-9b86-04cbcbe8d2ec\">Betaler man skat af gevinster vundet p\u00e5 BTC Casinoer?<\/h3><div class=\"wp-block-ub-content-toggle-accordion-toggle-wrap right\"><span class=\"wp-block-ub-content-toggle-accordion-state-indicator wp-block-ub-chevron-down open\"><\/span>\n                    <\/div><\/div><div role=\"region\" class=\"wp-block-ub-content-toggle-accordion-content-wrap\" id=\"ub-content-toggle-panel-2-08b8e377-81a7-4020-9b86-04cbcbe8d2ec\">\n\n<p>Eftersom mange Bitcoin Casinoer udbetaler dine gevinster fra din spillekonto i traditionel valuta, s\u00e5 skal du betale skat af dine gevinster, hvis de vindes p\u00e5 et online casino udenfor EU-zonen. Sker det imidlertid p\u00e5 eksempelvis et casino med licens p\u00e5 Malta, s\u00e5 skal du ikke betale skat. Og hvis dit krypto casino udbetaler pengene til din krypto wallet og i form af kryptovaluta, s\u00e5 skal du heller ikke betale skat.<\/p>\n\n<\/div><\/div>\n\n<div class=\"wp-block-ub-content-toggle-accordion\">\n                <div class=\"wp-block-ub-content-toggle-accordion-title-wrap\" aria-expanded=\"true\" aria-controls=\"ub-content-toggle-panel-3-08b8e377-81a7-4020-9b86-04cbcbe8d2ec\" tabindex=\"0\">\n                    <h3 class=\"wp-block-ub-content-toggle-accordion-title ub-content-toggle-title-08b8e377-81a7-4020-9b86-04cbcbe8d2ec\">Er man anonym, n\u00e5r man spiller p\u00e5 et Bitcoin casino?<\/h3><div class=\"wp-block-ub-content-toggle-accordion-toggle-wrap right\"><span class=\"wp-block-ub-content-toggle-accordion-state-indicator wp-block-ub-chevron-down open\"><\/span>\n                    <\/div><\/div><div role=\"region\" class=\"wp-block-ub-content-toggle-accordion-content-wrap\" id=\"ub-content-toggle-panel-3-08b8e377-81a7-4020-9b86-04cbcbe8d2ec\">\n\n<p>Kryptovaluta er en decentraliseret digital valuta. Det betyder at der hverken er noget statsligt eller bankm\u00e6ssigt mellemled mellem dig og valutaen. Hvis det p\u00e5g\u00e6ldende kryptvaluta-casino k\u00f8rer ren krypto, s\u00e5 vil du til en vis grad bevare mere privatliv og anonymitet end p\u00e5 et almindeligt dansklicenseret casino, hvor der logges ind med NemID og spilles med danske kroner.<\/p>\n\n<\/div><\/div>\n<\/div>\n\n\n<p><br><\/p>\n\n\n\n<h2 class=\"wp-block-heading\" id=\"7-konklusion\">Konklusion<\/h2>\n\n\n\n<p>Kryptovaluta virker ekstremt dragende p\u00e5 mange mennesker, og det er derfor heller ikke m\u00e6rkeligt at den decentraliserede digitale valuta nu har fundet vej til online casinoerne. Skulle du v\u00e6re fristet af at pr\u00f8ve lykken p\u00e5 et Bitcoin casino, s\u00e5 kan du benytte denne guide som vejledning. Det er altid rart at holde sig til professionel hj\u00e6lp og r\u00e5dgivning, n\u00e5r man bev\u00e6ger sig ud p\u00e5 et helt nyt marked, som man ikke har tidligere erfaring med.<br>Hvad end din beslutning bliver, s\u00e5 husk at spille med omtanke og ansvarlighed.<\/p>\n\n\n\n<p>Held og lykke!<\/p>\n","protected":false},"excerpt":{"rendered":"<p>Bitcoin Casino \u20bf Din guide til krypto casinoer med BTC og andre kryptovalutaer Alle taler om kryptovalutaer, og nu har den digitale m\u00f8ntenhed s\u00e5gar ramt online casino-verdenen. Hvem havde for blot f\u00e5 \u00e5r siden troet at man ogs\u00e5 skulle kunne spille slots, poker, blackjack, online roulette og meget mere med Bitcoin? Det er ikke desto mindre en realitet i dag, og der er efterh\u00e5nden flere online casinoer som nu byder ind med muligheden for at krydre sine casinospil med digital valuta.<\/p>\n","protected":false},"author":1,"featured_media":146,"parent":0,"menu_order":0,"comment_status":"closed","ping_status":"closed","template":"","meta":{"ub_ctt_via":"","footnotes":""},"featured_image_src":"https:\/\/journler.com\/wp-content\/uploads\/2020\/06\/bitcoin-gambling.jpg","yoast_head":"<!-- This site is optimized with the Yoast SEO plugin v18.2 - https:\/\/yoast.com\/wordpress\/plugins\/seo\/ -->\n<title>Bitcoin Casino: Din guide til kryptovaluta casinoer i 2026<\/title>\n<meta name=\"description\" content=\"Er du p\u00e5 udkig efter et godt Bitcoin casino, hvor du kan spille med Bitcoin, Ethereum og andre kryptovalutaer? S\u00e5 l\u00e6s med og find dit casino i denne guide!\" \/>\n<meta name=\"robots\" content=\"index, follow, max-snippet:-1, max-image-preview:large, max-video-preview:-1\" \/>\n<link rel=\"canonical\" href=\"https:\/\/journler.com\/da\/bitcoin-casino\/\" \/>\n<meta property=\"og:locale\" content=\"da_DK\" \/>\n<meta property=\"og:type\" content=\"article\" \/>\n<meta property=\"og:title\" content=\"Bitcoin Casino: Din guide til kryptovaluta casinoer i 2026\" \/>\n<meta property=\"og:description\" content=\"Er du p\u00e5 udkig efter et godt Bitcoin casino, hvor du kan spille med Bitcoin, Ethereum og andre kryptovalutaer? S\u00e5 l\u00e6s med og find dit casino i denne guide!\" \/>\n<meta property=\"og:url\" content=\"https:\/\/journler.com\/da\/bitcoin-casino\/\" \/>\n<meta property=\"og:site_name\" content=\"Journler\u2019s online casino guide f\u00f6r svenska spelare: Topp n\u00e4tasinon\" \/>\n<meta property=\"article:modified_time\" content=\"2021-07-12T19:02:48+00:00\" \/>\n<meta property=\"og:image\" content=\"https:\/\/journler.com\/wp-content\/uploads\/2020\/06\/bitcoin-gambling.jpg\" \/>\n\t<meta property=\"og:image:width\" content=\"999\" \/>\n\t<meta property=\"og:image:height\" content=\"523\" \/>\n\t<meta property=\"og:image:type\" content=\"image\/jpeg\" \/>\n<meta name=\"twitter:card\" content=\"summary_large_image\" \/>\n<meta name=\"twitter:label1\" content=\"Estimeret l\u00e6setid\" \/>\n\t<meta name=\"twitter:data1\" content=\"5 minutter\" \/>\n<script type=\"application\/ld+json\" class=\"yoast-schema-graph\">{\"@context\":\"https:\/\/schema.org\",\"@graph\":[{\"@type\":\"WebSite\",\"@id\":\"https:\/\/journler.com\/da\/#website\",\"url\":\"https:\/\/journler.com\/da\/\",\"name\":\"Journler\u2019s online casino guide f\u00f6r svenska spelare: Topp n\u00e4tasinon\",\"description\":\"Svenska online casinon har v\u00e4rldens absolut b\u00e4sta kunderbjudanden. Det \u00e4r d\u00e4rf\u00f6r l\u00e4tt att tro att svenska casinon \u00e4r de allra mest gener\u00f6sa.\",\"potentialAction\":[{\"@type\":\"SearchAction\",\"target\":{\"@type\":\"EntryPoint\",\"urlTemplate\":\"https:\/\/journler.com\/da\/?s={search_term_string}\"},\"query-input\":\"required name=search_term_string\"}],\"inLanguage\":\"da-DK\"},{\"@type\":\"ImageObject\",\"@id\":\"https:\/\/journler.com\/da\/bitcoin-casino\/#primaryimage\",\"inLanguage\":\"da-DK\",\"url\":\"https:\/\/journler.com\/wp-content\/uploads\/2020\/06\/bitcoin-gambling.jpg\",\"contentUrl\":\"https:\/\/journler.com\/wp-content\/uploads\/2020\/06\/bitcoin-gambling.jpg\",\"width\":999,\"height\":523,\"caption\":\"bitcoin casino\"},{\"@type\":\"WebPage\",\"@id\":\"https:\/\/journler.com\/da\/bitcoin-casino\/#webpage\",\"url\":\"https:\/\/journler.com\/da\/bitcoin-casino\/\",\"name\":\"Bitcoin Casino: Din guide til kryptovaluta casinoer i 2026\",\"isPartOf\":{\"@id\":\"https:\/\/journler.com\/da\/#website\"},\"primaryImageOfPage\":{\"@id\":\"https:\/\/journler.com\/da\/bitcoin-casino\/#primaryimage\"},\"datePublished\":\"2021-07-12T18:58:08+00:00\",\"dateModified\":\"2021-07-12T19:02:48+00:00\",\"description\":\"Er du p\u00e5 udkig efter et godt Bitcoin casino, hvor du kan spille med Bitcoin, Ethereum og andre kryptovalutaer? S\u00e5 l\u00e6s med og find dit casino i denne guide!\",\"breadcrumb\":{\"@id\":\"https:\/\/journler.com\/da\/bitcoin-casino\/#breadcrumb\"},\"inLanguage\":\"da-DK\",\"potentialAction\":[{\"@type\":\"ReadAction\",\"target\":[\"https:\/\/journler.com\/da\/bitcoin-casino\/\"]}]},{\"@type\":\"BreadcrumbList\",\"@id\":\"https:\/\/journler.com\/da\/bitcoin-casino\/#breadcrumb\",\"itemListElement\":[{\"@type\":\"ListItem\",\"position\":1,\"name\":\"Home\",\"item\":\"https:\/\/journler.com\/da\/\"},{\"@type\":\"ListItem\",\"position\":2,\"name\":\"Bitcoin Casino \u20bf Din guide til krypto casinoer med BTC og andre kryptovalutaer\"}]}]}<\/script>\n<!-- \/ Yoast SEO plugin. -->","yoast_head_json":{"title":"Bitcoin Casino: Din guide til kryptovaluta casinoer i 2026","description":"Er du p\u00e5 udkig efter et godt Bitcoin casino, hvor du kan spille med Bitcoin, Ethereum og andre kryptovalutaer? S\u00e5 l\u00e6s med og find dit casino i denne guide!","robots":{"index":"index","follow":"follow","max-snippet":"max-snippet:-1","max-image-preview":"max-image-preview:large","max-video-preview":"max-video-preview:-1"},"canonical":"https:\/\/journler.com\/da\/bitcoin-casino\/","og_locale":"da_DK","og_type":"article","og_title":"Bitcoin Casino: Din guide til kryptovaluta casinoer i 2026","og_description":"Er du p\u00e5 udkig efter et godt Bitcoin casino, hvor du kan spille med Bitcoin, Ethereum og andre kryptovalutaer? S\u00e5 l\u00e6s med og find dit casino i denne guide!","og_url":"https:\/\/journler.com\/da\/bitcoin-casino\/","og_site_name":"Journler\u2019s online casino guide f\u00f6r svenska spelare: Topp n\u00e4tasinon","article_modified_time":"2021-07-12T19:02:48+00:00","og_image":[{"width":999,"height":523,"url":"https:\/\/journler.com\/wp-content\/uploads\/2020\/06\/bitcoin-gambling.jpg","type":"image\/jpeg"}],"twitter_card":"summary_large_image","twitter_misc":{"Estimeret l\u00e6setid":"5 minutter"},"schema":{"@context":"https:\/\/schema.org","@graph":[{"@type":"WebSite","@id":"https:\/\/journler.com\/da\/#website","url":"https:\/\/journler.com\/da\/","name":"Journler\u2019s online casino guide f\u00f6r svenska spelare: Topp n\u00e4tasinon","description":"Svenska online casinon har v\u00e4rldens absolut b\u00e4sta kunderbjudanden. Det \u00e4r d\u00e4rf\u00f6r l\u00e4tt att tro att svenska casinon \u00e4r de allra mest gener\u00f6sa.","potentialAction":[{"@type":"SearchAction","target":{"@type":"EntryPoint","urlTemplate":"https:\/\/journler.com\/da\/?s={search_term_string}"},"query-input":"required name=search_term_string"}],"inLanguage":"da-DK"},{"@type":"ImageObject","@id":"https:\/\/journler.com\/da\/bitcoin-casino\/#primaryimage","inLanguage":"da-DK","url":"https:\/\/journler.com\/wp-content\/uploads\/2020\/06\/bitcoin-gambling.jpg","contentUrl":"https:\/\/journler.com\/wp-content\/uploads\/2020\/06\/bitcoin-gambling.jpg","width":999,"height":523,"caption":"bitcoin casino"},{"@type":"WebPage","@id":"https:\/\/journler.com\/da\/bitcoin-casino\/#webpage","url":"https:\/\/journler.com\/da\/bitcoin-casino\/","name":"Bitcoin Casino: Din guide til kryptovaluta casinoer i 2026","isPartOf":{"@id":"https:\/\/journler.com\/da\/#website"},"primaryImageOfPage":{"@id":"https:\/\/journler.com\/da\/bitcoin-casino\/#primaryimage"},"datePublished":"2021-07-12T18:58:08+00:00","dateModified":"2021-07-12T19:02:48+00:00","description":"Er du p\u00e5 udkig efter et godt Bitcoin casino, hvor du kan spille med Bitcoin, Ethereum og andre kryptovalutaer? S\u00e5 l\u00e6s med og find dit casino i denne guide!","breadcrumb":{"@id":"https:\/\/journler.com\/da\/bitcoin-casino\/#breadcrumb"},"inLanguage":"da-DK","potentialAction":[{"@type":"ReadAction","target":["https:\/\/journler.com\/da\/bitcoin-casino\/"]}]},{"@type":"BreadcrumbList","@id":"https:\/\/journler.com\/da\/bitcoin-casino\/#breadcrumb","itemListElement":[{"@type":"ListItem","position":1,"name":"Home","item":"https:\/\/journler.com\/da\/"},{"@type":"ListItem","position":2,"name":"Bitcoin Casino \u20bf Din guide til krypto casinoer med BTC og andre kryptovalutaer"}]}]}},"_links":{"self":[{"href":"https:\/\/journler.com\/da\/wp-json\/wp\/v2\/pages\/171"}],"collection":[{"href":"https:\/\/journler.com\/da\/wp-json\/wp\/v2\/pages"}],"about":[{"href":"https:\/\/journler.com\/da\/wp-json\/wp\/v2\/types\/page"}],"author":[{"embeddable":true,"href":"https:\/\/journler.com\/da\/wp-json\/wp\/v2\/users\/1"}],"replies":[{"embeddable":true,"href":"https:\/\/journler.com\/da\/wp-json\/wp\/v2\/comments?post=171"}],"version-history":[{"count":5,"href":"https:\/\/journler.com\/da\/wp-json\/wp\/v2\/pages\/171\/revisions"}],"predecessor-version":[{"id":176,"href":"https:\/\/journler.com\/da\/wp-json\/wp\/v2\/pages\/171\/revisions\/176"}],"wp:featuredmedia":[{"embeddable":true,"href":"https:\/\/journler.com\/da\/wp-json\/wp\/v2\/media\/146"}],"wp:attachment":[{"href":"https:\/\/journler.com\/da\/wp-json\/wp\/v2\/media?parent=171"}],"curies":[{"name":"wp","href":"https:\/\/api.w.org\/{rel}","templated":true}]}}