{"id":150,"date":"2021-07-09T18:10:17","date_gmt":"2021-07-09T16:10:17","guid":{"rendered":"https:\/\/journler.com\/?page_id=150"},"modified":"2023-07-12T12:14:21","modified_gmt":"2023-07-12T10:14:21","slug":"din-guide-til-de-bedste-casinoer-online-i-danmark","status":"publish","type":"page","link":"https:\/\/journler.com\/da\/","title":{"rendered":"Din guide til de bedste casinoer online i Danmark"},"content":{"rendered":"\n<h1 class=\"wp-block-heading\">Din guide til de bedste casinoer online i Danmark<\/h1>\n\n\n\n<p>Det kan v\u00e6re en st\u00f8rre opgave at finde det helt rette casino, hvis man aldrig rigtigt har pr\u00f8vet online casino spil f\u00f8r. Der kommer hele tiden nye casinoer til, og udbuddet af spil og bonusser varierer fra casino til casino. Men hvad skal man v\u00e6lge? Hvad er det bedste tilbud til mig? Og hvad kan jeg forvente ombord p\u00e5 et online casino? Disse sp\u00f8rgsm\u00e5l og flere til besvarer vi i denne lille gennemf\u00f8rte guide til de bedste online casinoer p\u00e5 markedet i dag. Vi giver dig ikke blot en introduktion til spil og bonusser, men vi baner ogs\u00e5 vejen til de allerbedste online casinoer, som vores h\u00e5rde kerne af spileksperter har h\u00e5ndplukket til dig efter omhyggelige tests og analyser. L\u00e6s med og lad os g\u00f8re det h\u00e5rde arbejde, s\u00e5 du blot skal klikke dig igennem til dit nye foretrukne online casino.&nbsp;<\/p>\n\n\n\n<p>Hvis du leder efter et MGA casino med en licens fra Malta, med skattefri gevinster og hurtige udbetalinger (danske spillere er velkomne der), s\u00e5 tjek <a href=\"https:\/\/casinoudenomrofus.net\/casino-uden-rofus\/\">spille p\u00e5 det bedste online casino uden ROFUS<\/a>.<\/p>\n\n\n\n<p><\/p>\n\n\n\n<figure class=\"wp-block-image size-large\"><img decoding=\"async\" width=\"730\" height=\"395\" src=\"https:\/\/journler.com\/wp-content\/uploads\/2020\/03\/casino-vinster.jpg\" alt=\"Online casino guide - Danmark\" class=\"wp-image-142\" srcset=\"https:\/\/journler.com\/wp-content\/uploads\/2020\/03\/casino-vinster.jpg 730w, https:\/\/journler.com\/wp-content\/uploads\/2020\/03\/casino-vinster-300x162.jpg 300w\" sizes=\"(max-width: 730px) 100vw, 730px\" \/><\/figure>\n\n\n\n<h2 class=\"wp-block-heading\">Hvordan v\u00e6lger man det bedste online casino?<\/h2>\n\n\n\n<ul><li><strong>Licens<\/strong><\/li><\/ul>\n\n\n\n<p>En af de vigtigste faktorer at overveje, n\u00e5r du v\u00e6lger et online casino, er dets licensering og overholdelse af lovgivningen. S\u00f8rg for, at det casino, du v\u00e6lger, har en gyldig spillelicens fra en velrenommeret tilsynsmyndighed. Dette sikrer, at kasinoet opererer inden for juridiske gr\u00e6nser og overholder strenge regler, hvilket giver et retf\u00e6rdigt og sikkert spilmilj\u00f8.<\/p>\n\n\n\n<ul><li><strong>Spil<\/strong><\/li><\/ul>\n\n\n\n<p>En bred vifte af spil er et centralt aspekt af et godt online casino. Se efter kasinoer, der tilbyder et varieret udvalg af spil, herunder popul\u00e6re slots, bordspil, live dealer-spil og mere. Tjek desuden de softwareudbydere, der driver kasinoets spil. Velrenommerede softwareudbydere sikrer grafik af h\u00f8j kvalitet, glat gameplay og fair resultater.<\/p>\n\n\n\n<ul><li><strong>Betalingsmuligheder og sikkerhedsforanstaltninger<\/strong><\/li><\/ul>\n\n\n\n<p>N\u00e5r det kommer til online gambling, er det afg\u00f8rende at v\u00e6lge et casino, der tilbyder sikre og bekvemme betalingsmuligheder. Se efter kasinoer, der tilbyder flere betalingsmetoder, herunder kredit-\/betalingskort, e-wallets, bankoverf\u00f8rsler og kryptovalutaer.<\/p>\n\n\n\n<ul><li><strong>Bonusser og kampagner<\/strong><\/li><\/ul>\n\n\n\n<p>De fleste online casinoer tilbyder forskellige bonusser og kampagner for at tiltr\u00e6kke nye spillere og beholde eksisterende. Overvej faktorer som velkomstbonusser, genindl\u00e6sningsbonusser, gratis spins, loyalitetsprogrammer og oms\u00e6tningskrav. V\u00e6lg et casino, der giver attraktive og rimelige bonustilbud, der stemmer overens med dine spilpr\u00e6ferencer.<\/p>\n\n\n\n<ul><li><strong>Mobil kompatibilitet<\/strong><\/li><\/ul>\n\n\n\n<p>S\u00f8rg for, at det casino, du v\u00e6lger, er fuldt optimeret til mobile enheder, s\u00e5 du kan nyde dine yndlingsspil p\u00e5 farten. Uanset om det er via en dedikeret mobilapp eller en responsiv hjemmeside, giver et mobilvenligt casino en problemfri gamblingoplevelse p\u00e5 smartphones og tablets.<\/p>\n\n\n\n<h2 class=\"wp-block-heading\">Liste over nye online casinoer i Danmark<\/h2>\n\n\n\n<ol><li><strong>Mr Green Casino<\/strong><\/li><li><strong>LeoVegas Casino<\/strong><\/li><li><strong>Karamba<\/strong><\/li><li><strong>Dansk 777<\/strong><\/li><li><strong>Spilnu<\/strong><\/li><li><strong>Spillehallen<\/strong><\/li><li><strong>Maria Casino<\/strong><\/li><li><strong>Videoslots<\/strong><\/li><li><strong>Casumo<\/strong><\/li><li><strong>PlayOJO Casino<\/strong><\/li><\/ol>\n\n\n\n<p>Nye casinoer spirer frem overalt p\u00e5 nettet, og lige s\u00e5 mange etablerede casinoer byder sig til for at fange dig ind i deres virtuelle spillehal. Men ikke alle online casinoer er lige gode. Det kan vi lige s\u00e5 godt sl\u00e5 fast med det samme. Brugeroplevelsen, designet, spiludbuddet, bonustilbuddet, kundeservicen og sikkerheden skal v\u00e6re i top. Det synes vi i hvert fald. Og derfor vil du kun finde pr\u00e6cist den h\u00e5ndfuld af online casinoer som har klaret n\u00e5le\u00f8je hos vores skarpe eksperter. De listede nye online casinoer i Danmark i denne guide er derfor godkendt og efterpr\u00f8vet ned til mindste detalje.<\/p>\n\n\n\n<h2 class=\"wp-block-heading\">Forskellige casino bonus typer p\u00e5 online casinoer<\/h2>\n\n\n\n<p>En ting er at v\u00e6lge de rette spil p\u00e5 et online casino, noget andet er selve bonusserne. De fylder mere og mere i casino-billedet fordi der bliver flere og flere af dem. Men det kan ogs\u00e5 her v\u00e6re sv\u00e6rt at finde hoved og hale i udbuddet, og n\u00e5r man ikke ved hvad de forskellige bonus-begreber d\u00e6kker over, s\u00e5 er det blot endnu sv\u00e6rere at finde ud af, hvad man skal springe p\u00e5. Derfor f\u00f8lger her en kort gennemgang af de forskellige bonusser, som man kan st\u00f8de p\u00e5 p\u00e5 et nyt online casino i Danmark<\/p>\n\n\n\n<h3 class=\"wp-block-heading\"><strong>Indbetalingsbonusser<\/strong><\/h3>\n\n\n\n<p>Indbetalingsbonusser er hyppigt benyttet p\u00e5 danske online casinoer. Du f\u00e5r her muligheden for at f\u00e5 fordoblet dit f\u00f8rste indskud p\u00e5 spillekontoen med helt op til 1000 kroner. Hvis du er mest til klassiske bordspil, s\u00e5 kunne denne bonus v\u00e6re noget for dig. Du kan naturligvis ogs\u00e5 bruge dine bonuskroner p\u00e5 spillemaskiner, skrabespil, bingo eller andre specialspil p\u00e5 det p\u00e5g\u00e6ldende online casino.<\/p>\n\n\n\n<h3 class=\"wp-block-heading\">Gratis spins bonusser<\/h3>\n\n\n\n<p>En gratis spins bonus er slet og ret en bonus med masser af gratis spins. Her f\u00e5r du ikke kontanter men gratis chancer til spillemaskinerne, s\u00e5 hvis du i forvejen ved, at du er mest til spillemaskiner og ikke rigtigt gider bruge tid p\u00e5 klassiske bordspil og andet, s\u00e5 er denne bonus lige noget for dig. Der kan gives alt lige fra 10 til 200 gratis spins. Nogen f\u00e5r man alene for at registrere sig p\u00e5 casinoet, andre f\u00e5r man ved indbetaling f\u00f8rste gang.<\/p>\n\n\n\n<h3 class=\"wp-block-heading\">Cashback bonusser<\/h3>\n\n\n\n<p>Cashback bonusser er forholdsvis nye. Her f\u00e5r du muligheden for at f\u00e5 noget af det tabte tilbage. Der gives ofte mellem 10 og 20% af nettotab tilbage i en given periode (m\u00e5ske en weekend eller en uge). P\u00e5 den m\u00e5de vil du kunne geninvestere cash backen p\u00e5 spil igen, eller udbetale den til dig selv.&nbsp;<\/p>\n\n\n\n<h2 class=\"wp-block-heading\">De mange forskellige spil p\u00e5 online casinoer<\/h2>\n\n\n\n<p>Der venter dig en enorm spilleoplevelse p\u00e5 online casinoer, uanset hvad du ender med at v\u00e6lge. Her f\u00f8lger en lille gennemgang af de vigtigste og mest popul\u00e6re spil:<\/p>\n\n\n\n<ul><li>Roulette<\/li><li>Poker<\/li><li>Blackjack<\/li><li>Baccarat<\/li><li>Spillemaskiner<\/li><li>Live casino<\/li><\/ul>\n\n\n\n<p>De forskellige spilgenrer, b\u00e5de bordspil og spillemaskiner, findes i et v\u00e6ld af forskellige udgaver og versioner. Der kan v\u00e6re op til 10 forskellige versioner af de forskellige bordspil og der er ofte mellem 500 og 1000 forskellige spillemaskiner p\u00e5 de respektive online casinoer.&nbsp;<\/p>\n\n\n\n<h2 class=\"wp-block-heading\">Casinoer med dansk spillelicens er det oplagte valg<\/h2>\n\n\n\n<p>Der er flere gode grunde til at v\u00e6lge et online casino med dansk spillelicens. Du f\u00e5r muligheden for at spille p\u00e5 et sikkert online casino med en tryg NemID indgang. Og du f\u00e5r gl\u00e6den af at samtlige gevinster vundet p\u00e5 det danske casino er skattefrie. Spillene er ogs\u00e5 af internation top kvalitet, s\u00e5 det er en win-win situation at v\u00e6lge et dansk online casino.<\/p>\n\n\n\n<h3 class=\"wp-block-heading\">Kan jeg spille p\u00e5 et online casino uden NemID?<\/h3>\n\n\n\n<p>Dansk-licenserede casinoer er med NemID &amp; ROFUS. Hvis du foretr\u00e6kker at spille p\u00e5 spillesider uden dansk licens, kan du <a href=\"http:\/\/udenlandskecasinoer.com\/casino-uden-nemid.html\">pr\u00f8ve et online casino uden NemID<\/a>.<\/p>\n\n\n\n<h2 class=\"wp-block-heading\">Ofte Stillede Sp\u00f8rgsm\u00e5l<\/h2>\n\n\n<div class=\"wp-block-ub-content-toggle\" id=\"ub-content-toggle-94478b54-d9a5-4e0b-8484-d930c021d6a9\" data-mobilecollapse=\"false\" data-desktopcollapse=\"false\">\n<div class=\"wp-block-ub-content-toggle-accordion\">\n                <div class=\"wp-block-ub-content-toggle-accordion-title-wrap\" aria-expanded=\"true\" aria-controls=\"ub-content-toggle-panel-0-94478b54-d9a5-4e0b-8484-d930c021d6a9\" tabindex=\"0\">\n                    <h3 class=\"wp-block-ub-content-toggle-accordion-title ub-content-toggle-title-94478b54-d9a5-4e0b-8484-d930c021d6a9\">Hvilket dansk licenseret online casino leverer den bedste bonus?<\/h3><div class=\"wp-block-ub-content-toggle-accordion-toggle-wrap right\"><span class=\"wp-block-ub-content-toggle-accordion-state-indicator wp-block-ub-chevron-down open\"><\/span>\n                    <\/div><\/div><div role=\"region\" class=\"wp-block-ub-content-toggle-accordion-content-wrap\" id=\"ub-content-toggle-panel-0-94478b54-d9a5-4e0b-8484-d930c021d6a9\">\n\n<p>Stort set alle danske licens-casinoer leverer det samme bonus-setup. Spillemyndigheden har sat et loft p\u00e5 1000 kr for alle indbetalingsbonusser, s\u00e5 det bliver aldrig h\u00f8jere end det. Men der kan blandt andet ogs\u00e5 hentes gratis spins ved registrering. Her tilbyder LeoVegas lige nu 10 gratis spins.&nbsp;<\/p>\n\n<\/div><\/div>\n\n<div class=\"wp-block-ub-content-toggle-accordion\">\n                <div class=\"wp-block-ub-content-toggle-accordion-title-wrap\" aria-expanded=\"true\" aria-controls=\"ub-content-toggle-panel-1-94478b54-d9a5-4e0b-8484-d930c021d6a9\" tabindex=\"0\">\n                    <h3 class=\"wp-block-ub-content-toggle-accordion-title ub-content-toggle-title-94478b54-d9a5-4e0b-8484-d930c021d6a9\">Hvilket casino har den h\u00f8jeste bonus uden krav om indbetaling?<\/h3><div class=\"wp-block-ub-content-toggle-accordion-toggle-wrap right\"><span class=\"wp-block-ub-content-toggle-accordion-state-indicator wp-block-ub-chevron-down open\"><\/span>\n                    <\/div><\/div><div role=\"region\" class=\"wp-block-ub-content-toggle-accordion-content-wrap\" id=\"ub-content-toggle-panel-1-94478b54-d9a5-4e0b-8484-d930c021d6a9\">\n\n<p>Spilnu tilbyder lige nu alle nye danske kunder 100 kroner i bonus uden krav om indskud. Du skal blot registrere dig for at indl\u00f8se bonussen.<\/p>\n\n<\/div><\/div>\n\n<div class=\"wp-block-ub-content-toggle-accordion\">\n                <div class=\"wp-block-ub-content-toggle-accordion-title-wrap\" aria-expanded=\"true\" aria-controls=\"ub-content-toggle-panel-2-94478b54-d9a5-4e0b-8484-d930c021d6a9\" tabindex=\"0\">\n                    <h3 class=\"wp-block-ub-content-toggle-accordion-title ub-content-toggle-title-94478b54-d9a5-4e0b-8484-d930c021d6a9\">Hvad er forskellen p\u00e5 spillesider uden dansk licens og dansklicenserede casinoer i Danmark?<\/h3><div class=\"wp-block-ub-content-toggle-accordion-toggle-wrap right\"><span class=\"wp-block-ub-content-toggle-accordion-state-indicator wp-block-ub-chevron-down open\"><\/span>\n                    <\/div><\/div><div role=\"region\" class=\"wp-block-ub-content-toggle-accordion-content-wrap\" id=\"ub-content-toggle-panel-2-94478b54-d9a5-4e0b-8484-d930c021d6a9\">\n\n<p>Spillesider uden dansk licens er ikke kontrolleret af den danske spillemyndighed og er derfor ikke underlagt samme krav til sikkerhed end de danske online casinoer.&nbsp;<\/p>\n\n<\/div><\/div>\n\n<div class=\"wp-block-ub-content-toggle-accordion\">\n                <div class=\"wp-block-ub-content-toggle-accordion-title-wrap\" aria-expanded=\"true\" aria-controls=\"ub-content-toggle-panel-3-94478b54-d9a5-4e0b-8484-d930c021d6a9\" tabindex=\"0\">\n                    <h3 class=\"wp-block-ub-content-toggle-accordion-title ub-content-toggle-title-94478b54-d9a5-4e0b-8484-d930c021d6a9\">Hvorfor er det bedst for mig at spille p\u00e5 et casino med dansk spillelicens?<\/h3><div class=\"wp-block-ub-content-toggle-accordion-toggle-wrap right\"><span class=\"wp-block-ub-content-toggle-accordion-state-indicator wp-block-ub-chevron-down open\"><\/span>\n                    <\/div><\/div><div role=\"region\" class=\"wp-block-ub-content-toggle-accordion-content-wrap\" id=\"ub-content-toggle-panel-3-94478b54-d9a5-4e0b-8484-d930c021d6a9\">\n\n<p>Hvis du er mest til sikkerhed, dansk kontrol og spillemaskiner som kan v\u00e6re mere skr\u00e6ddersyet til et dansk og nordisk publikum, s\u00e5 er et casino med dansk spillelicens en god ide for dig.&nbsp;<\/p>\n\n<\/div><\/div>\n<\/div>\n\n\n<h2 class=\"wp-block-heading\">Konklusion<\/h2>\n\n\n\n<p>Vi h\u00e5ber, at ikke blot har givet dig et indblik i de vigtigste elementer p\u00e5 nye online casinoer, men at vi ogs\u00e5 har serveret de absolut bedste online casinoer til dig p\u00e5 et s\u00f8lvfad her i guiden. Der b\u00f8r v\u00e6re grobund for at du nu kan f\u00e5 et sjovt og trygt ophold p\u00e5 et nyt godt online casino i Danmark. Du er kl\u00e6dt bedre p\u00e5 og kan m\u00e5ske nu tr\u00e6ffe klarere valg.<\/p>\n\n\n\n<p>Husk at spille ansvarligt, n\u00e5r du hopper ud i dit nye spilleeventyr!<\/p>\n\n\n\n<p>Held og lykke!<\/p>\n","protected":false},"excerpt":{"rendered":"<p>Din guide til de bedste casinoer online i Danmark Det kan v\u00e6re en st\u00f8rre opgave at finde det helt rette casino, hvis man aldrig rigtigt har pr\u00f8vet online casino spil f\u00f8r. Der kommer hele tiden nye casinoer til, og udbuddet af spil og bonusser varierer fra casino til casino. Men hvad skal man v\u00e6lge? Hvad er det bedste tilbud til mig? Og hvad kan jeg forvente ombord p\u00e5 et online casino? Disse sp\u00f8rgsm\u00e5l og flere til besvarer vi i denne lille gennemf\u00f8rte guide til de bedste online casinoer p\u00e5 markedet i dag. Vi giver dig ikke blot en introduktion til spil og bonusser, men vi baner ogs\u00e5 vejen til de allerbedste online casinoer, som vores h\u00e5rde kerne af spileksperter har h\u00e5ndplukket til dig efter omhyggelige tests og analyser. L\u00e6s med og lad os g\u00f8re det h\u00e5rde arbejde, s\u00e5 du blot skal klikke dig igennem til dit nye foretrukne online casino.&nbsp; Hvis du leder efter et MGA casino med en licens fra Malta, med skattefri gevinster og hurtige udbetalinger (danske spillere er velkomne der), s\u00e5 tjek spille p\u00e5 det bedste online casino uden ROFUS. Hvordan v\u00e6lger man det bedste online casino? Licens En af de vigtigste faktorer at overveje, n\u00e5r du <a href=\"https:\/\/journler.com\/da\/\">&#8230;.<\/a><\/p>\n","protected":false},"author":1,"featured_media":0,"parent":0,"menu_order":0,"comment_status":"closed","ping_status":"closed","template":"","meta":{"ub_ctt_via":"","footnotes":""},"featured_image_src":null,"yoast_head":"<!-- This site is optimized with the Yoast SEO plugin v18.2 - https:\/\/yoast.com\/wordpress\/plugins\/seo\/ -->\n<title>Online Casino Guide 2026 \u00bb Spil p\u00e5 de bedste online casinoer i Danmark<\/title>\n<meta name=\"description\" content=\"Leder du efter et fantastisk online casino at spille p\u00e5? \ud83c\udfb0 S\u00e5 tjek denne liste over markedets absolut bedste casinoer lige nu.\" \/>\n<meta name=\"robots\" content=\"index, follow, max-snippet:-1, max-image-preview:large, max-video-preview:-1\" \/>\n<link rel=\"canonical\" href=\"https:\/\/journler.com\/da\/\" \/>\n<meta property=\"og:locale\" content=\"da_DK\" \/>\n<meta property=\"og:type\" content=\"article\" \/>\n<meta property=\"og:title\" content=\"Online Casino Guide 2026 \u00bb Spil p\u00e5 de bedste online casinoer i Danmark\" \/>\n<meta property=\"og:description\" content=\"Leder du efter et fantastisk online casino at spille p\u00e5? \ud83c\udfb0 S\u00e5 tjek denne liste over markedets absolut bedste casinoer lige nu.\" \/>\n<meta property=\"og:url\" content=\"https:\/\/journler.com\/da\/\" \/>\n<meta property=\"og:site_name\" content=\"Journler\u2019s online casino guide f\u00f6r svenska spelare: Topp n\u00e4tasinon\" \/>\n<meta property=\"article:modified_time\" content=\"2023-07-12T10:14:21+00:00\" \/>\n<meta property=\"og:image\" content=\"https:\/\/journler.com\/wp-content\/uploads\/2020\/03\/casino-vinster.jpg\" \/>\n<meta name=\"twitter:card\" content=\"summary_large_image\" \/>\n<meta name=\"twitter:label1\" content=\"Estimeret l\u00e6setid\" \/>\n\t<meta name=\"twitter:data1\" content=\"6 minutter\" \/>\n<script type=\"application\/ld+json\" class=\"yoast-schema-graph\">{\"@context\":\"https:\/\/schema.org\",\"@graph\":[{\"@type\":\"WebSite\",\"@id\":\"https:\/\/journler.com\/da\/#website\",\"url\":\"https:\/\/journler.com\/da\/\",\"name\":\"Journler\u2019s online casino guide f\u00f6r svenska spelare: Topp n\u00e4tasinon\",\"description\":\"Svenska online casinon har v\u00e4rldens absolut b\u00e4sta kunderbjudanden. Det \u00e4r d\u00e4rf\u00f6r l\u00e4tt att tro att svenska casinon \u00e4r de allra mest gener\u00f6sa.\",\"potentialAction\":[{\"@type\":\"SearchAction\",\"target\":{\"@type\":\"EntryPoint\",\"urlTemplate\":\"https:\/\/journler.com\/da\/?s={search_term_string}\"},\"query-input\":\"required name=search_term_string\"}],\"inLanguage\":\"da-DK\"},{\"@type\":\"ImageObject\",\"@id\":\"https:\/\/journler.com\/da\/#primaryimage\",\"inLanguage\":\"da-DK\",\"url\":\"https:\/\/journler.com\/wp-content\/uploads\/2020\/03\/casino-vinster.jpg\",\"contentUrl\":\"https:\/\/journler.com\/wp-content\/uploads\/2020\/03\/casino-vinster.jpg\",\"width\":730,\"height\":395},{\"@type\":\"WebPage\",\"@id\":\"https:\/\/journler.com\/da\/#webpage\",\"url\":\"https:\/\/journler.com\/da\/\",\"name\":\"Online Casino Guide 2026 \u00bb Spil p\u00e5 de bedste online casinoer i Danmark\",\"isPartOf\":{\"@id\":\"https:\/\/journler.com\/da\/#website\"},\"primaryImageOfPage\":{\"@id\":\"https:\/\/journler.com\/da\/#primaryimage\"},\"datePublished\":\"2021-07-09T16:10:17+00:00\",\"dateModified\":\"2023-07-12T10:14:21+00:00\",\"description\":\"Leder du efter et fantastisk online casino at spille p\u00e5? \ud83c\udfb0 S\u00e5 tjek denne liste over markedets absolut bedste casinoer lige nu.\",\"breadcrumb\":{\"@id\":\"https:\/\/journler.com\/da\/#breadcrumb\"},\"inLanguage\":\"da-DK\",\"potentialAction\":[{\"@type\":\"ReadAction\",\"target\":[\"https:\/\/journler.com\/da\/\"]}]},{\"@type\":\"BreadcrumbList\",\"@id\":\"https:\/\/journler.com\/da\/#breadcrumb\",\"itemListElement\":[{\"@type\":\"ListItem\",\"position\":1,\"name\":\"Home\",\"item\":\"https:\/\/journler.com\/da\/\"},{\"@type\":\"ListItem\",\"position\":2,\"name\":\"Din guide til de bedste casinoer online i Danmark\"}]}]}<\/script>\n<!-- \/ Yoast SEO plugin. -->","yoast_head_json":{"title":"Online Casino Guide 2026 \u00bb Spil p\u00e5 de bedste online casinoer i Danmark","description":"Leder du efter et fantastisk online casino at spille p\u00e5? \ud83c\udfb0 S\u00e5 tjek denne liste over markedets absolut bedste casinoer lige nu.","robots":{"index":"index","follow":"follow","max-snippet":"max-snippet:-1","max-image-preview":"max-image-preview:large","max-video-preview":"max-video-preview:-1"},"canonical":"https:\/\/journler.com\/da\/","og_locale":"da_DK","og_type":"article","og_title":"Online Casino Guide 2026 \u00bb Spil p\u00e5 de bedste online casinoer i Danmark","og_description":"Leder du efter et fantastisk online casino at spille p\u00e5? \ud83c\udfb0 S\u00e5 tjek denne liste over markedets absolut bedste casinoer lige nu.","og_url":"https:\/\/journler.com\/da\/","og_site_name":"Journler\u2019s online casino guide f\u00f6r svenska spelare: Topp n\u00e4tasinon","article_modified_time":"2023-07-12T10:14:21+00:00","og_image":[{"url":"https:\/\/journler.com\/wp-content\/uploads\/2020\/03\/casino-vinster.jpg"}],"twitter_card":"summary_large_image","twitter_misc":{"Estimeret l\u00e6setid":"6 minutter"},"schema":{"@context":"https:\/\/schema.org","@graph":[{"@type":"WebSite","@id":"https:\/\/journler.com\/da\/#website","url":"https:\/\/journler.com\/da\/","name":"Journler\u2019s online casino guide f\u00f6r svenska spelare: Topp n\u00e4tasinon","description":"Svenska online casinon har v\u00e4rldens absolut b\u00e4sta kunderbjudanden. Det \u00e4r d\u00e4rf\u00f6r l\u00e4tt att tro att svenska casinon \u00e4r de allra mest gener\u00f6sa.","potentialAction":[{"@type":"SearchAction","target":{"@type":"EntryPoint","urlTemplate":"https:\/\/journler.com\/da\/?s={search_term_string}"},"query-input":"required name=search_term_string"}],"inLanguage":"da-DK"},{"@type":"ImageObject","@id":"https:\/\/journler.com\/da\/#primaryimage","inLanguage":"da-DK","url":"https:\/\/journler.com\/wp-content\/uploads\/2020\/03\/casino-vinster.jpg","contentUrl":"https:\/\/journler.com\/wp-content\/uploads\/2020\/03\/casino-vinster.jpg","width":730,"height":395},{"@type":"WebPage","@id":"https:\/\/journler.com\/da\/#webpage","url":"https:\/\/journler.com\/da\/","name":"Online Casino Guide 2026 \u00bb Spil p\u00e5 de bedste online casinoer i Danmark","isPartOf":{"@id":"https:\/\/journler.com\/da\/#website"},"primaryImageOfPage":{"@id":"https:\/\/journler.com\/da\/#primaryimage"},"datePublished":"2021-07-09T16:10:17+00:00","dateModified":"2023-07-12T10:14:21+00:00","description":"Leder du efter et fantastisk online casino at spille p\u00e5? \ud83c\udfb0 S\u00e5 tjek denne liste over markedets absolut bedste casinoer lige nu.","breadcrumb":{"@id":"https:\/\/journler.com\/da\/#breadcrumb"},"inLanguage":"da-DK","potentialAction":[{"@type":"ReadAction","target":["https:\/\/journler.com\/da\/"]}]},{"@type":"BreadcrumbList","@id":"https:\/\/journler.com\/da\/#breadcrumb","itemListElement":[{"@type":"ListItem","position":1,"name":"Home","item":"https:\/\/journler.com\/da\/"},{"@type":"ListItem","position":2,"name":"Din guide til de bedste casinoer online i Danmark"}]}]}},"_links":{"self":[{"href":"https:\/\/journler.com\/da\/wp-json\/wp\/v2\/pages\/150"}],"collection":[{"href":"https:\/\/journler.com\/da\/wp-json\/wp\/v2\/pages"}],"about":[{"href":"https:\/\/journler.com\/da\/wp-json\/wp\/v2\/types\/page"}],"author":[{"embeddable":true,"href":"https:\/\/journler.com\/da\/wp-json\/wp\/v2\/users\/1"}],"replies":[{"embeddable":true,"href":"https:\/\/journler.com\/da\/wp-json\/wp\/v2\/comments?post=150"}],"version-history":[{"count":6,"href":"https:\/\/journler.com\/da\/wp-json\/wp\/v2\/pages\/150\/revisions"}],"predecessor-version":[{"id":326,"href":"https:\/\/journler.com\/da\/wp-json\/wp\/v2\/pages\/150\/revisions\/326"}],"wp:attachment":[{"href":"https:\/\/journler.com\/da\/wp-json\/wp\/v2\/media?parent=150"}],"curies":[{"name":"wp","href":"https:\/\/api.w.org\/{rel}","templated":true}]}}